{"id":971,"date":"2024-10-05T23:53:48","date_gmt":"2024-10-05T21:53:48","guid":{"rendered":"https:\/\/visitricase.com\/?page_id=971"},"modified":"2024-10-06T18:55:19","modified_gmt":"2024-10-06T16:55:19","slug":"santuario-madonna-di-fatima","status":"publish","type":"page","link":"https:\/\/visitricase.com\/index.php\/santuario-madonna-di-fatima\/","title":{"rendered":"Santuario Madonna di Fatima"},"content":{"rendered":"<p>[et_pb_section fb_built=&#8221;1&#8243; _builder_version=&#8221;4.27.2&#8243; _module_preset=&#8221;default&#8221; background_enable_image=&#8221;off&#8221; custom_padding=&#8221;2px|||||&#8221; global_colors_info=&#8221;{}&#8221;][et_pb_row use_custom_gutter=&#8221;on&#8221; gutter_width=&#8221;1&#8243; make_equal=&#8221;on&#8221; admin_label=&#8221;Gallery&#8221; module_class=&#8221; et_pb_row_fullwidth&#8221; _builder_version=&#8221;4.27.2&#8243; background_image=&#8221;https:\/\/visitricase.com\/wp-content\/uploads\/2024\/10\/Madonna-di-fatima.webp&#8221; width=&#8221;100%&#8221; width_tablet=&#8221;100%&#8221; width_phone=&#8221;100%&#8221; width_last_edited=&#8221;on|desktop&#8221; max_width=&#8221;100%&#8221; max_width_tablet=&#8221;100%&#8221; max_width_phone=&#8221;100%&#8221; max_width_last_edited=&#8221;on|desktop&#8221; min_height=&#8221;516px&#8221; custom_margin=&#8221;|auto|29px|auto||&#8221; custom_padding=&#8221;3px||78px|||&#8221; make_fullwidth=&#8221;on&#8221; locked=&#8221;off&#8221; global_colors_info=&#8221;{}&#8221;][et_pb_column type=&#8221;4_4&#8243; _builder_version=&#8221;4.16&#8243; custom_padding=&#8221;|||&#8221; global_colors_info=&#8221;{}&#8221; custom_padding__hover=&#8221;|||&#8221;][\/et_pb_column][\/et_pb_row][et_pb_row _builder_version=&#8221;4.25.1&#8243; _module_preset=&#8221;default&#8221; custom_padding=&#8221;||49px|||&#8221; global_colors_info=&#8221;{}&#8221;][et_pb_column type=&#8221;4_4&#8243; _builder_version=&#8221;4.25.1&#8243; _module_preset=&#8221;default&#8221; global_colors_info=&#8221;{}&#8221;][et_pb_text _builder_version=&#8221;4.27.2&#8243; _module_preset=&#8221;default&#8221; text_font=&#8221;Oswald|700|||||||&#8221; text_font_size=&#8221;60px&#8221; text_line_height=&#8221;1.2em&#8221; custom_margin=&#8221;37px|||||&#8221; hover_enabled=&#8221;0&#8243; global_colors_info=&#8221;{}&#8221; sticky_enabled=&#8221;0&#8243;]<\/p>\n<p>SANTUARIO MADONNA DI FATIMA<\/p>\n<p>[\/et_pb_text][\/et_pb_column][\/et_pb_row][et_pb_row column_structure=&#8221;1_2,1_2&#8243; _builder_version=&#8221;4.25.1&#8243; _module_preset=&#8221;default&#8221; custom_margin=&#8221;|auto|20px|auto||&#8221; custom_padding=&#8221;||17px|||&#8221; global_colors_info=&#8221;{}&#8221;][et_pb_column type=&#8221;1_2&#8243; _builder_version=&#8221;4.25.1&#8243; _module_preset=&#8221;default&#8221; global_colors_info=&#8221;{}&#8221;][et_pb_text _builder_version=&#8221;4.27.2&#8243; _module_preset=&#8221;default&#8221; text_font=&#8221;Roboto||||||||&#8221; text_text_color=&#8221;#000000&#8243; text_font_size=&#8221;24px&#8221; text_letter_spacing=&#8221;1px&#8221; text_line_height=&#8221;1.5em&#8221; global_colors_info=&#8221;{}&#8221;]<\/p>\n<p style=\"text-align: justify;\">La chiesa fu costruita grazie alla passione di don Tommaso Piri, nominato parroco nel 1950.<\/p>\n<p>[\/et_pb_text][et_pb_text _builder_version=&#8221;4.27.2&#8243; _module_preset=&#8221;default&#8221; text_font=&#8221;Roboto|500|||||||&#8221; text_font_size=&#8221;17px&#8221; text_line_height=&#8221;1.5em&#8221; global_colors_info=&#8221;{}&#8221;]<\/p>\n<p style=\"text-align: justify;\">Il <strong>Santuario della Madonna di Fatima<\/strong> a Tricase, situato su una piccola collina chiamata <strong>Serra Grande<\/strong>, \u00e8 un luogo che unisce fede, storia e devozione popolare. La chiesa fu costruita grazie alla passione di don Tommaso Piri, nominato parroco nel 1950, che sentiva il richiamo della Madonna di Fatima ogni volta che, osservando i pastorelli locali portare al pascolo le loro pecore, la sua mente volava alle apparizioni mariane del 1917.<\/p>\n<h3><strong>Un sogno che diventa realt\u00e0<\/strong><\/h3>\n<p style=\"text-align: justify;\">Don Tommaso, ispirato da questo legame simbolico tra i pastori locali e quelli di Fatima, decise di far costruire una piccola nicchia sulla collina, con un dipinto raffigurante la Madonna e i pastorelli. La devozione dei fedeli crebbe rapidamente e, grazie alle loro piccole offerte, prese forma l\u2019idea di costruire una vera cappella. Nel <strong>1952<\/strong>, con la benedizione di <strong>Papa Pio XII<\/strong>, la cappella fu inaugurata e divenne un luogo di preghiera molto amato dalla comunit\u00e0.<\/p>\n<p style=\"text-align: justify;\">\n<h3><strong>Un luogo di devozione che si evolve<\/strong><\/h3>\n<p style=\"text-align: justify;\">Solo cinque anni dopo, nel <strong>1957<\/strong>, la cappella fu elevata a Santuario in occasione del 40\u00ba anniversario delle apparizioni di Fatima, trasformandosi in un punto di riferimento non solo per Tricase, ma per tutto il Salento. Il successore di Don Tommaso, don Eugenio Licchetta, ampli\u00f2 il complesso aggiungendo una casa di accoglienza per i pellegrini e altre strutture che arricchirono il Santuario.<\/p>\n<h3><strong>Curiosit\u00e0 dal passato e dal presente<\/strong><\/h3>\n<ul>\n<li>\n<p style=\"text-align: justify;\"><strong>La nascita della nicchia<\/strong>: Tutto inizi\u00f2 in modo semplice, con un muratore chiamato da Don Tommaso per costruire una nicchia, e un pittore di Tricase che dipinse la Madonna con i tre pastorelli. Un gesto umile che poi sfoci\u00f2 in un progetto molto pi\u00f9 grande.<\/p>\n<\/li>\n<li>\n<p style=\"text-align: justify;\"><strong>L\u2019affetto dei fedeli<\/strong>: La devozione popolare fu il vero motore della costruzione del Santuario. I fedeli, pur con poche risorse, fecero sacrifici per contribuire alla costruzione della &#8220;casa della Madonna&#8221;, togliendo spesso &#8220;il pane dalla bocca&#8221; per poter donare.<\/p>\n<\/li>\n<li>\n<p><strong>La statua di Papa Pio XII<\/strong>: Dopo la morte di Papa Pacelli (Pio XII), i fedeli di Tricase eressero una statua in suo onore. La versione originale in pietra fu sostituita con una in bronzo, che oggi troneggia sulla scalinata del Santuario.<\/p>\n<\/li>\n<li>\n<p><strong>Il ricordo di Don Tommaso<\/strong>: A pochi anni dalla sua morte, nel 1968, il Cardinale Corrado Ursi inaugur\u00f2 una targa dedicata a Don Tommaso. Scritta da Don Tonino Bello, la targa celebra il sacerdote e il suo grande amore per la Madonna.<\/p>\n<\/li>\n<\/ul>\n<p style=\"text-align: justify;\">\n<p>[\/et_pb_text][\/et_pb_column][et_pb_column type=&#8221;1_2&#8243; _builder_version=&#8221;4.25.1&#8243; _module_preset=&#8221;default&#8221; global_colors_info=&#8221;{}&#8221;][et_pb_image src=&#8221;https:\/\/visitricase.com\/wp-content\/uploads\/2024\/10\/Croce_Madonna-di-Fatima.webp&#8221; title_text=&#8221;Croce_Madonna di Fatima&#8221; _builder_version=&#8221;4.27.2&#8243; _module_preset=&#8221;default&#8221; global_colors_info=&#8221;{}&#8221;][\/et_pb_image][et_pb_text _builder_version=&#8221;4.27.2&#8243; _module_preset=&#8221;default&#8221; text_font=&#8221;Roboto||||||||&#8221; text_text_color=&#8221;#5C5C5C&#8221; text_font_size=&#8221;17px&#8221; custom_margin=&#8221;||28px|||&#8221; custom_padding=&#8221;4px||0px|||&#8221; global_colors_info=&#8221;{}&#8221;]<\/p>\n<h3><strong>Oggi<\/strong><\/h3>\n<p style=\"text-align: justify;\">Ancora oggi, il Santuario \u00e8 un luogo di raccoglimento e spiritualit\u00e0 per la comunit\u00e0 locale e per i pellegrini. Ogni anno, il 13 maggio e il 13 ottobre, si celebra la Madonna di Fatima con processioni, messe e momenti di preghiera, mantenendo viva una tradizione che ha radici profonde nel cuore dei fedeli di Tricase.<\/p>\n<p style=\"text-align: justify;\">Questo Santuario, nato dal sogno e dalla devozione di un parroco innamorato della Madonna, continua a essere un simbolo di fede e speranza per chiunque lo visiti.<\/p>\n<p>[\/et_pb_text][et_pb_image src=&#8221;https:\/\/visitricase.com\/wp-content\/uploads\/2024\/10\/Madonna-di-fatima1.webp&#8221; title_text=&#8221;Madonna di fatima1&#8243; _builder_version=&#8221;4.27.2&#8243; _module_preset=&#8221;default&#8221; global_colors_info=&#8221;{}&#8221;][\/et_pb_image][\/et_pb_column][\/et_pb_row][et_pb_row _builder_version=&#8221;4.27.2&#8243; _module_preset=&#8221;default&#8221; custom_padding=&#8221;||3px|||&#8221;][et_pb_column _builder_version=&#8221;4.27.2&#8243; _module_preset=&#8221;default&#8221; type=&#8221;4_4&#8243;][et_pb_divider _builder_version=&#8221;4.27.2&#8243; _module_preset=&#8221;default&#8221; color=&#8221;#000000&#8243; hover_enabled=&#8221;0&#8243; sticky_enabled=&#8221;0&#8243;][\/et_pb_divider][\/et_pb_column][\/et_pb_row][et_pb_row _builder_version=&#8221;4.27.2&#8243; _module_preset=&#8221;default&#8221; custom_padding=&#8221;8px|||||&#8221; global_colors_info=&#8221;{}&#8221;][et_pb_column type=&#8221;4_4&#8243; _builder_version=&#8221;4.27.2&#8243; _module_preset=&#8221;default&#8221; global_colors_info=&#8221;{}&#8221;][et_pb_text _builder_version=&#8221;4.27.2&#8243; _module_preset=&#8221;default&#8221; text_font_size=&#8221;17px&#8221; global_colors_info=&#8221;{}&#8221;]<\/p>\n<p style=\"text-align: center;\"><span style=\"color: #000000;\">PIAZZA DON TOMMASO PIRI 73039 TRICASE LE<br \/>Tel. +39 0833 544129<br \/>LUOGO: TRICASE &#8211; LECCE<\/span><\/p>\n<p>[\/et_pb_text][\/et_pb_column][\/et_pb_row][et_pb_row _builder_version=&#8221;4.25.1&#8243; _module_preset=&#8221;default&#8221; custom_margin=&#8221;-20px|auto||auto||&#8221; global_colors_info=&#8221;{}&#8221;][et_pb_column type=&#8221;4_4&#8243; _builder_version=&#8221;4.25.1&#8243; _module_preset=&#8221;default&#8221; global_colors_info=&#8221;{}&#8221;][et_pb_button button_url=&#8221;https:\/\/visitricase.com\/index.php\/chiese\/&#8221; button_text=&#8221;INDIETRO&#8221; _builder_version=&#8221;4.25.1&#8243; _module_preset=&#8221;default&#8221; custom_button=&#8221;on&#8221; button_text_size=&#8221;17px&#8221; button_text_color=&#8221;#000000&#8243; button_border_width=&#8221;1px&#8221; button_border_color=&#8221;#000000&#8243; button_border_radius=&#8221;2px&#8221; button_letter_spacing=&#8221;0px&#8221; button_font=&#8221;Roboto||||||||&#8221; button_icon=&#8221;&#xe03b;||divi||400&#8243; background_layout=&#8221;dark&#8221; global_colors_info=&#8221;{}&#8221;][\/et_pb_button][\/et_pb_column][\/et_pb_row][\/et_pb_section]<\/p>\n","protected":false},"excerpt":{"rendered":"<p>SANTUARIO MADONNA DI FATIMALa chiesa fu costruita grazie alla passione di don Tommaso Piri, nominato parroco nel 1950.Il Santuario della Madonna di Fatima a Tricase, situato su una piccola collina chiamata Serra Grande, \u00e8 un luogo che unisce fede, storia e devozione popolare. La chiesa fu costruita grazie alla passione di don Tommaso Piri, nominato [&hellip;]<\/p>\n","protected":false},"author":1,"featured_media":0,"parent":0,"menu_order":0,"comment_status":"closed","ping_status":"closed","template":"","meta":{"_seopress_robots_primary_cat":"","_seopress_titles_title":"","_seopress_titles_desc":"","_seopress_robots_index":"","_seopress_analysis_target_kw":"","_et_pb_use_builder":"on","_et_pb_old_content":"","_et_gb_content_width":"","footnotes":""},"class_list":["post-971","page","type-page","status-publish","hentry"],"_links":{"self":[{"href":"https:\/\/visitricase.com\/index.php\/wp-json\/wp\/v2\/pages\/971","targetHints":{"allow":["GET"]}}],"collection":[{"href":"https:\/\/visitricase.com\/index.php\/wp-json\/wp\/v2\/pages"}],"about":[{"href":"https:\/\/visitricase.com\/index.php\/wp-json\/wp\/v2\/types\/page"}],"author":[{"embeddable":true,"href":"https:\/\/visitricase.com\/index.php\/wp-json\/wp\/v2\/users\/1"}],"replies":[{"embeddable":true,"href":"https:\/\/visitricase.com\/index.php\/wp-json\/wp\/v2\/comments?post=971"}],"version-history":[{"count":0,"href":"https:\/\/visitricase.com\/index.php\/wp-json\/wp\/v2\/pages\/971\/revisions"}],"wp:attachment":[{"href":"https:\/\/visitricase.com\/index.php\/wp-json\/wp\/v2\/media?parent=971"}],"curies":[{"name":"wp","href":"https:\/\/api.w.org\/{rel}","templated":true}]}}