{"id":956,"date":"2024-10-05T15:23:26","date_gmt":"2024-10-05T13:23:26","guid":{"rendered":"https:\/\/visitricase.com\/?page_id=956"},"modified":"2024-10-05T15:23:27","modified_gmt":"2024-10-05T13:23:27","slug":"caffe-doltremare-2","status":"publish","type":"page","link":"https:\/\/visitricase.com\/index.php\/caffe-doltremare-2\/","title":{"rendered":"Caff\u00e8 D&#8217;OltreMare"},"content":{"rendered":"<p>[et_pb_section fb_built=&#8221;1&#8243; _builder_version=&#8221;4.27.2&#8243; _module_preset=&#8221;default&#8221; background_image=&#8221;https:\/\/visitricase.com\/wp-content\/uploads\/2024\/10\/Caffe-DOltremare1.webp&#8221; min_height=&#8221;507px&#8221; custom_padding=&#8221;||11px|||&#8221; hover_enabled=&#8221;0&#8243; global_colors_info=&#8221;{}&#8221; theme_builder_area=&#8221;post_content&#8221; sticky_enabled=&#8221;0&#8243; title_text=&#8221;Caff\u00e8 D&#8217;Oltremare1&#8243;][\/et_pb_section][et_pb_section fb_built=&#8221;1&#8243; admin_label=&#8221;Grid Heading &#038; Code&#8221; _builder_version=&#8221;4.16&#8243; _module_preset=&#8221;default&#8221; custom_padding=&#8221;17px||65px|||&#8221; global_colors_info=&#8221;{}&#8221; theme_builder_area=&#8221;post_content&#8221;][et_pb_row column_structure=&#8221;1_2,1_2&#8243; custom_padding_last_edited=&#8221;on|desktop&#8221; _builder_version=&#8221;4.27.2&#8243; _module_preset=&#8221;_initial&#8221; width=&#8221;auto&#8221; max_width=&#8221;1400px&#8221; min_height=&#8221;28px&#8221; custom_margin=&#8221;68px|auto||auto||&#8221; custom_padding=&#8221;0px|30px|0px|30px|true|true&#8221; custom_padding_tablet=&#8221;|30px||30px|true|true&#8221; custom_padding_phone=&#8221;|15px||15px|true|true&#8221; hover_enabled=&#8221;0&#8243; global_colors_info=&#8221;{}&#8221; theme_builder_area=&#8221;post_content&#8221; sticky_enabled=&#8221;0&#8243;][et_pb_column type=&#8221;1_2&#8243; _builder_version=&#8221;4.16&#8243; _module_preset=&#8221;default&#8221; global_colors_info=&#8221;{}&#8221; theme_builder_area=&#8221;post_content&#8221;][et_pb_text _builder_version=&#8221;4.27.2&#8243; _module_preset=&#8221;default&#8221; text_font=&#8221;Oswald||||||||&#8221; text_font_size=&#8221;50px&#8221; global_colors_info=&#8221;{}&#8221; theme_builder_area=&#8221;post_content&#8221;]<\/p>\n<p>CAFF\u00c8 D&#8217;OLTREMARE<\/p>\n<p>[\/et_pb_text][et_pb_text _builder_version=&#8221;4.27.2&#8243; _module_preset=&#8221;default&#8221; text_font=&#8221;Roboto||||||||&#8221; text_text_color=&#8221;#000000&#8243; text_font_size=&#8221;24px&#8221; text_line_height=&#8221;1.5em&#8221; custom_margin=&#8221;||17px|||&#8221; hover_enabled=&#8221;0&#8243; global_colors_info=&#8221;{}&#8221; theme_builder_area=&#8221;post_content&#8221; sticky_enabled=&#8221;0&#8243;]<\/p>\n<p style=\"text-align: justify;\">Il <strong>Caff\u00e8 D&#8217;Oltremare<\/strong> a Tricase Porto \u00e8 molto pi\u00f9 di un semplice locale: \u00e8 un rifugio perfetto per chi cerca una pausa rilassante immerso nella bellezza del mare del Salento. Situato su una terrazza direttamente affacciata sul mare, questo caff\u00e8 ti regala una vista mozzafiato in qualsiasi stagione, anche quando il vento di gennaio porta spruzzi d\u2019acqua fino ai tavoli.<\/p>\n<p>[\/et_pb_text][et_pb_divider color=&#8221;#C2C2C2&#8243; _builder_version=&#8221;4.25.1&#8243; _module_preset=&#8221;default&#8221; global_colors_info=&#8221;{}&#8221; theme_builder_area=&#8221;post_content&#8221;][\/et_pb_divider][et_pb_image src=&#8221;https:\/\/visitricase.com\/wp-content\/uploads\/2024\/10\/Caffe-DOltremare3.webp&#8221; title_text=&#8221;Caff\u00e8 D&#8217;Oltremare3&#8243; _builder_version=&#8221;4.27.2&#8243; _module_preset=&#8221;default&#8221; custom_margin=&#8221;-11px||20px|||&#8221; hover_enabled=&#8221;0&#8243; global_colors_info=&#8221;{}&#8221; theme_builder_area=&#8221;post_content&#8221; sticky_enabled=&#8221;0&#8243;][\/et_pb_image][et_pb_image src=&#8221;https:\/\/visitricase.com\/wp-content\/uploads\/2024\/10\/Caffe-DOltremare4.webp&#8221; title_text=&#8221;Caff\u00e8 D&#8217;Oltremare4&#8243; _builder_version=&#8221;4.27.2&#8243; _module_preset=&#8221;default&#8221; hover_enabled=&#8221;0&#8243; global_colors_info=&#8221;{}&#8221; theme_builder_area=&#8221;post_content&#8221; sticky_enabled=&#8221;0&#8243;][\/et_pb_image][et_pb_text _builder_version=&#8221;4.27.2&#8243; _module_preset=&#8221;default&#8221; text_font=&#8221;Roboto||||||||&#8221; text_font_size=&#8221;17px&#8221; hover_enabled=&#8221;0&#8243; global_colors_info=&#8221;{}&#8221; theme_builder_area=&#8221;post_content&#8221; sticky_enabled=&#8221;0&#8243;]<\/p>\n<p style=\"text-align: justify;\">Il design del locale, curato nei minimi dettagli, evoca atmosfere lontane con pareti colorate, decorazioni ispirate a velieri antichi e un tocco di eleganza che si sposa con la semplicit\u00e0 delle tradizioni pugliesi.<\/p>\n<p style=\"text-align: justify;\">Uno degli aspetti che lo rende speciale \u00e8 la sua gestione: un team tutto al femminile, sempre pronto ad accoglierti con cordialit\u00e0 e professionalit\u00e0. Questo rende l\u2019atmosfera del caff\u00e8 ancora pi\u00f9 calda e accogliente, un luogo dove sentirsi a casa anche se ci si trova in un piccolo angolo di paradiso costiero. Le proprietarie, vestite di nero come a simboleggiare la loro discreta eleganza, riescono a creare un ambiente intimo e rilassato, perfetto per una colazione, una pausa t\u00e8 o un aperitivo al tramonto.<\/p>\n<p>[\/et_pb_text][et_pb_image src=&#8221;https:\/\/visitricase.com\/wp-content\/uploads\/2024\/10\/Caffe-DOltremare6.webp&#8221; title_text=&#8221;Caff\u00e8 D&#8217;Oltremare6&#8243; _builder_version=&#8221;4.27.2&#8243; _module_preset=&#8221;default&#8221; hover_enabled=&#8221;0&#8243; global_colors_info=&#8221;{}&#8221; theme_builder_area=&#8221;post_content&#8221; sticky_enabled=&#8221;0&#8243;][\/et_pb_image][\/et_pb_column][et_pb_column type=&#8221;1_2&#8243; _builder_version=&#8221;4.16&#8243; _module_preset=&#8221;default&#8221; global_colors_info=&#8221;{}&#8221; theme_builder_area=&#8221;post_content&#8221;][et_pb_image src=&#8221;https:\/\/visitricase.com\/wp-content\/uploads\/2024\/10\/Caffe-DOltremare2.webp&#8221; title_text=&#8221;Caff\u00e8 D&#8217;Oltremare2&#8243; _builder_version=&#8221;4.27.2&#8243; _module_preset=&#8221;default&#8221; custom_margin=&#8221;||30px|||&#8221; hover_enabled=&#8221;0&#8243; global_colors_info=&#8221;{}&#8221; theme_builder_area=&#8221;post_content&#8221; sticky_enabled=&#8221;0&#8243;][\/et_pb_image][et_pb_text _builder_version=&#8221;4.27.2&#8243; _module_preset=&#8221;default&#8221; text_font=&#8221;Roboto||||||||&#8221; text_font_size=&#8221;17px&#8221; text_line_height=&#8221;1.5em&#8221; hover_enabled=&#8221;0&#8243; global_colors_info=&#8221;{}&#8221; theme_builder_area=&#8221;post_content&#8221; sticky_enabled=&#8221;0&#8243;]<\/p>\n<p style=\"text-align: justify;\">\n<p style=\"text-align: justify;\">Il <strong>men\u00f9<\/strong> del Caff\u00e8 D\u2019Oltremare \u00e8 un viaggio nei sapori mediterranei, con influenze greche che si mescolano ai prodotti tipici del territorio. Potrai gustare piatti semplici ma raffinati, preparati con ingredienti freschi e locali, mentre ammiri il mare che si stende all\u2019orizzonte. Tra i piatti pi\u00f9 amati ci sono le insalate di mare, le friselle condite con olio d\u2019oliva e pomodori freschi, e i dessert a base di frutta e yogurt.<\/p>\n<p style=\"text-align: justify;\">Ma il vero protagonista di questo caff\u00e8 \u00e8 il <strong>mare<\/strong>: con la sua terrazza che sembra quasi tuffarsi nell\u2019acqua, il Caff\u00e8 D\u2019Oltremare \u00e8 il posto ideale per rilassarsi, leggere un buon libro, ascoltare il rumore delle onde e lasciarsi cullare dalla brezza marina. Anche l\u2019arredamento del locale si ispira a questo contesto marino: pareti a strisce bicolori, tavoli azzurri, quadri di navi e libri sui viaggi avventurosi di Jack London che sembrano trasportarti in un\u2019altra epoca, fatta di avventure e scoperte.<\/p>\n<p>[\/et_pb_text][et_pb_image src=&#8221;https:\/\/visitricase.com\/wp-content\/uploads\/2024\/10\/Caffe-DOltremare5.webp&#8221; title_text=&#8221;Caff\u00e8 D&#8217;Oltremare5&#8243; _builder_version=&#8221;4.27.2&#8243; _module_preset=&#8221;default&#8221; custom_margin=&#8221;||52px|||&#8221; hover_enabled=&#8221;0&#8243; global_colors_info=&#8221;{}&#8221; theme_builder_area=&#8221;post_content&#8221; sticky_enabled=&#8221;0&#8243;][\/et_pb_image][et_pb_text _builder_version=&#8221;4.27.2&#8243; _module_preset=&#8221;default&#8221; theme_builder_area=&#8221;post_content&#8221; hover_enabled=&#8221;0&#8243; sticky_enabled=&#8221;0&#8243; text_font=&#8221;Roboto||||||||&#8221; text_font_size=&#8221;17px&#8221; custom_padding=&#8221;||1px|||&#8221; custom_margin=&#8221;-25px||-25px|||&#8221;]<\/p>\n<p style=\"text-align: justify;\">Durante l\u2019estate, il locale diventa una meta molto ambita sia da turisti che dai locali, attratti dall\u2019atmosfera romantica e rilassata. \u00c8 il luogo perfetto per una serata speciale, dove poter sorseggiare un drink ammirando il tramonto o semplicemente chiacchierare con amici mentre il sole si tuffa nel mare. La posizione privilegiata del Caff\u00e8 D\u2019Oltremare lo rende anche un ottimo punto di partenza per esplorare il borgo di Tricase Porto, con le sue tradizioni marinare e il fascino senza tempo dei piccoli paesi del Salento.<\/p>\n<p style=\"text-align: justify;\">Anche nelle stagioni pi\u00f9 fredde, il caff\u00e8 rimane un luogo di incontro per chi cerca un po\u2019 di pace e tranquillit\u00e0. \u00c8 facile immaginarsi seduti su quella terrazza, avvolti in una coperta, sorseggiando una tazza di t\u00e8 caldo mentre si osserva il mare in tempesta o si ascoltano i racconti dei pescatori che si fermano per un caff\u00e8. Per chi ama le esperienze autentiche e non vuole rinunciare al fascino del mare in inverno, questo \u00e8 il posto giusto.<\/p>\n<p>&nbsp;<\/p>\n<p>[\/et_pb_text][et_pb_image src=&#8221;https:\/\/visitricase.com\/wp-content\/uploads\/2024\/10\/Caffe-DOltremare7.webp&#8221; title_text=&#8221;Caff\u00e8 D&#8217;Oltremare7&#8243; _builder_version=&#8221;4.27.2&#8243; _module_preset=&#8221;default&#8221; hover_enabled=&#8221;0&#8243; global_colors_info=&#8221;{}&#8221; theme_builder_area=&#8221;post_content&#8221; custom_margin=&#8221;23px|||||&#8221; sticky_enabled=&#8221;0&#8243;][\/et_pb_image][\/et_pb_column][\/et_pb_row][et_pb_row _builder_version=&#8221;4.27.2&#8243; _module_preset=&#8221;default&#8221; global_colors_info=&#8221;{}&#8221; theme_builder_area=&#8221;post_content&#8221;][et_pb_column type=&#8221;4_4&#8243; _builder_version=&#8221;4.27.2&#8243; _module_preset=&#8221;default&#8221; global_colors_info=&#8221;{}&#8221; theme_builder_area=&#8221;post_content&#8221;][et_pb_text _builder_version=&#8221;4.27.2&#8243; _module_preset=&#8221;default&#8221; text_font=&#8221;Lato||||||||&#8221; text_text_color=&#8221;#000000&#8243; text_font_size=&#8221;17px&#8221; text_letter_spacing=&#8221;1px&#8221; hover_enabled=&#8221;0&#8243; global_colors_info=&#8221;{}&#8221; theme_builder_area=&#8221;post_content&#8221; sticky_enabled=&#8221;0&#8243;]<\/p>\n<p style=\"text-align: center;\">CAFF\u00c8\u00a0 D&#8217;OLTREMARE\u00a0 |\u00a0 LUNGOMARE CRISTOFORO COLOMBO, 73039 TRICASE (LE)<\/p>\n<p style=\"text-align: center;\"><span class=\"w8qArf FoJoyf\"><span>Tel. +39 351 526 9162\u00a0<\/span><\/span><span><\/span><\/p>\n<p>[\/et_pb_text][et_pb_text _builder_version=&#8221;4.27.2&#8243; _module_preset=&#8221;default&#8221; text_font=&#8221;Lato||||||||&#8221; text_text_color=&#8221;#000000&#8243; text_font_size=&#8221;15px&#8221; text_letter_spacing=&#8221;1px&#8221; hover_enabled=&#8221;0&#8243; global_colors_info=&#8221;{}&#8221; theme_builder_area=&#8221;post_content&#8221; sticky_enabled=&#8221;0&#8243;][\/et_pb_text][\/et_pb_column][\/et_pb_row][\/et_pb_section]<\/p>\n","protected":false},"excerpt":{"rendered":"<p>CAFF\u00c8 D&#8217;OLTREMAREIl Caff\u00e8 D&#8217;Oltremare a Tricase Porto \u00e8 molto pi\u00f9 di un semplice locale: \u00e8 un rifugio perfetto per chi cerca una pausa rilassante immerso nella bellezza del mare del Salento. Situato su una terrazza direttamente affacciata sul mare, questo caff\u00e8 ti regala una vista mozzafiato in qualsiasi stagione, anche quando il vento di gennaio [&hellip;]<\/p>\n","protected":false},"author":1,"featured_media":0,"parent":0,"menu_order":0,"comment_status":"closed","ping_status":"closed","template":"","meta":{"_seopress_robots_primary_cat":"","_seopress_titles_title":"","_seopress_titles_desc":"","_seopress_robots_index":"","_seopress_analysis_target_kw":"","_et_pb_use_builder":"on","_et_pb_old_content":"","_et_gb_content_width":"","footnotes":""},"class_list":["post-956","page","type-page","status-publish","hentry"],"_links":{"self":[{"href":"https:\/\/visitricase.com\/index.php\/wp-json\/wp\/v2\/pages\/956","targetHints":{"allow":["GET"]}}],"collection":[{"href":"https:\/\/visitricase.com\/index.php\/wp-json\/wp\/v2\/pages"}],"about":[{"href":"https:\/\/visitricase.com\/index.php\/wp-json\/wp\/v2\/types\/page"}],"author":[{"embeddable":true,"href":"https:\/\/visitricase.com\/index.php\/wp-json\/wp\/v2\/users\/1"}],"replies":[{"embeddable":true,"href":"https:\/\/visitricase.com\/index.php\/wp-json\/wp\/v2\/comments?post=956"}],"version-history":[{"count":0,"href":"https:\/\/visitricase.com\/index.php\/wp-json\/wp\/v2\/pages\/956\/revisions"}],"wp:attachment":[{"href":"https:\/\/visitricase.com\/index.php\/wp-json\/wp\/v2\/media?parent=956"}],"curies":[{"name":"wp","href":"https:\/\/api.w.org\/{rel}","templated":true}]}}