{"id":788,"date":"2024-06-03T21:15:43","date_gmt":"2024-06-03T19:15:43","guid":{"rendered":"https:\/\/visitricase.com\/?page_id=788"},"modified":"2024-06-05T19:36:41","modified_gmt":"2024-06-05T17:36:41","slug":"palazzo-comi-casa-museo","status":"publish","type":"page","link":"https:\/\/visitricase.com\/index.php\/palazzo-comi-casa-museo\/","title":{"rendered":"Palazzo Comi Casa museo"},"content":{"rendered":"<p>[et_pb_section fb_built=&#8221;1&#8243; fullwidth=&#8221;on&#8221; _builder_version=&#8221;4.25.1&#8243; _module_preset=&#8221;default&#8221; background_image=&#8221;https:\/\/visitricase.com\/wp-content\/uploads\/2024\/06\/Comi_casa_museo.webp&#8221; global_colors_info=&#8221;{}&#8221;][et_pb_fullwidth_header title=&#8221;PALAZZO COMI-CASA MUSEO&#8221; _builder_version=&#8221;4.25.1&#8243; _module_preset=&#8221;default&#8221; title_font=&#8221;Oswald|600|||||||&#8221; title_font_size=&#8221;80px&#8221; content_font=&#8221;Roboto|500|||||||&#8221; content_font_size=&#8221;20px&#8221; background_color=&#8221;#FFFFFF&#8221; background_image=&#8221;https:\/\/visitricase.com\/wp-content\/uploads\/2024\/06\/Comi_casa_museo.webp&#8221; parallax=&#8221;on&#8221; custom_padding=&#8221;310px||602px|||&#8221; global_colors_info=&#8221;{}&#8221;]<\/p>\n<p>Un punto di riferimento culturale che celebra la vita e l&#8217;opera del noto poeta italiano Girolamo Comi.<\/p>\n<p>[\/et_pb_fullwidth_header][\/et_pb_section][et_pb_section fb_built=&#8221;1&#8243; _builder_version=&#8221;4.25.1&#8243; _module_preset=&#8221;default&#8221; background_color=&#8221;#79423d&#8221; custom_padding=&#8221;6px||0px|||&#8221; global_colors_info=&#8221;{}&#8221;][et_pb_row column_structure=&#8221;1_3,1_3,1_3&#8243; _builder_version=&#8221;4.25.1&#8243; _module_preset=&#8221;default&#8221; custom_margin=&#8221;-7px|auto||auto||&#8221; global_colors_info=&#8221;{}&#8221;][et_pb_column type=&#8221;1_3&#8243; _builder_version=&#8221;4.25.1&#8243; _module_preset=&#8221;default&#8221; global_colors_info=&#8221;{}&#8221;][\/et_pb_column][et_pb_column type=&#8221;1_3&#8243; _builder_version=&#8221;4.25.1&#8243; _module_preset=&#8221;default&#8221; global_colors_info=&#8221;{}&#8221;][et_pb_image src=&#8221;https:\/\/visitricase.com\/wp-content\/uploads\/2024\/06\/images.jpeg&#8221; title_text=&#8221;images&#8221; align=&#8221;center&#8221; _builder_version=&#8221;4.25.1&#8243; _module_preset=&#8221;default&#8221; width=&#8221;54%&#8221; global_colors_info=&#8221;{}&#8221;][\/et_pb_image][\/et_pb_column][et_pb_column type=&#8221;1_3&#8243; _builder_version=&#8221;4.25.1&#8243; _module_preset=&#8221;default&#8221; global_colors_info=&#8221;{}&#8221;][\/et_pb_column][\/et_pb_row][\/et_pb_section][et_pb_section fb_built=&#8221;1&#8243; admin_label=&#8221;Grid Heading &#038; Code&#8221; _builder_version=&#8221;4.16&#8243; _module_preset=&#8221;default&#8221; min_height=&#8221;1295.9px&#8221; custom_padding=&#8221;17px||0px|||&#8221; global_colors_info=&#8221;{}&#8221;][et_pb_row column_structure=&#8221;1_2,1_2&#8243; custom_padding_last_edited=&#8221;on|desktop&#8221; _builder_version=&#8221;4.25.1&#8243; _module_preset=&#8221;_initial&#8221; width=&#8221;auto&#8221; max_width=&#8221;1400px&#8221; min_height=&#8221;28px&#8221; custom_margin=&#8221;21px|auto||auto||&#8221; custom_padding=&#8221;0px|30px|0px|30px|true|true&#8221; custom_padding_tablet=&#8221;|30px||30px|true|true&#8221; custom_padding_phone=&#8221;|15px||15px|true|true&#8221; global_colors_info=&#8221;{}&#8221;][et_pb_column type=&#8221;1_2&#8243; _builder_version=&#8221;4.16&#8243; _module_preset=&#8221;default&#8221; global_colors_info=&#8221;{}&#8221;][et_pb_text _builder_version=&#8221;4.25.1&#8243; _module_preset=&#8221;default&#8221; text_font=&#8221;Roboto||||||||&#8221; text_text_color=&#8221;#000000&#8243; text_font_size=&#8221;24px&#8221; text_line_height=&#8221;1.5em&#8221; custom_margin=&#8221;||17px|||&#8221; global_colors_info=&#8221;{}&#8221;]<\/p>\n<p style=\"text-align: justify;\">Palazzo Comi, costruito nella met\u00e0 del XIX secolo dalla famiglia baronale omonima, \u00e8 un edificio di notevole interesse storico e culturale situato a Lucugnano. Appartenne al poeta Girolamo Comi fino al 1961, anno in cui, a causa di difficolt\u00e0 economiche, lo vendette alla Provincia di Lecce. La decisione di Comi fu dettata dalla necessit\u00e0 di trovare una soluzione alle sue ristrettezze finanziarie, ma anche dal desiderio di preservare il valore culturale del palazzo, destinandolo a un uso pubblico.<\/p>\n<p style=\"text-align: justify;\">\n<p>[\/et_pb_text][et_pb_text _builder_version=&#8221;4.25.1&#8243; _module_preset=&#8221;default&#8221; text_font=&#8221;Oswald||||||||&#8221; text_font_size=&#8221;26px&#8221; text_letter_spacing=&#8221;2px&#8221; global_colors_info=&#8221;{}&#8221;]<\/p>\n<p>IL PALAZZO<\/p>\n<p>[\/et_pb_text][et_pb_text _builder_version=&#8221;4.25.1&#8243; _module_preset=&#8221;default&#8221; text_font=&#8221;Roboto||||||||&#8221; text_font_size=&#8221;17px&#8221; text_line_height=&#8221;1.5em&#8221; global_colors_info=&#8221;{}&#8221;]<\/p>\n<p style=\"text-align: justify;\">L&#8217;architettura del palazzo rispecchia lo stile neoclassico, caratterizzato da un&#8217;estetica ordinata e proporzionata. L&#8217;edificio si sviluppa su due livelli: il pian terreno ospita la Biblioteca Provinciale &#8220;Girolamo Comi&#8221;, mentre il primo piano \u00e8 dedicato al &#8220;Museo Comi&#8221;. Questo museo conserva un ricco patrimonio librario e gli scritti di Comi, offrendo ai visitatori un&#8217;immersione diretta nell&#8217;eredit\u00e0 letteraria e culturale del poeta.<\/p>\n<p style=\"text-align: justify;\">La trasformazione di Palazzo Comi in uno spazio culturale pubblico ha permesso di mantenere viva la memoria di Girolamo Comi e di valorizzare il suo contributo alla cultura italiana, rendendo accessibili le sue opere e i suoi manoscritti a studiosi, appassionati di letteratura e visitatori generali.<\/p>\n<p>[\/et_pb_text][et_pb_divider color=&#8221;#C2C2C2&#8243; _builder_version=&#8221;4.25.1&#8243; _module_preset=&#8221;default&#8221; global_colors_info=&#8221;{}&#8221;][\/et_pb_divider][et_pb_image src=&#8221;https:\/\/visitricase.com\/wp-content\/uploads\/2024\/06\/Interno_Palazzo_Comi.webp&#8221; title_text=&#8221;Interno_Palazzo_Comi&#8221; _builder_version=&#8221;4.25.1&#8243; _module_preset=&#8221;default&#8221; custom_margin=&#8221;-11px||20px|||&#8221; global_colors_info=&#8221;{}&#8221;][\/et_pb_image][et_pb_image src=&#8221;https:\/\/visitricase.com\/wp-content\/uploads\/2024\/06\/Museo_Comi1.webp&#8221; title_text=&#8221;Museo_Comi1&#8243; _builder_version=&#8221;4.25.1&#8243; _module_preset=&#8221;default&#8221; global_colors_info=&#8221;{}&#8221;][\/et_pb_image][et_pb_image src=&#8221;https:\/\/visitricase.com\/wp-content\/uploads\/2024\/06\/Libreria.webp&#8221; title_text=&#8221;Libreria&#8221; _builder_version=&#8221;4.25.1&#8243; _module_preset=&#8221;default&#8221; global_colors_info=&#8221;{}&#8221;][\/et_pb_image][\/et_pb_column][et_pb_column type=&#8221;1_2&#8243; _builder_version=&#8221;4.16&#8243; _module_preset=&#8221;default&#8221; global_colors_info=&#8221;{}&#8221;][et_pb_image src=&#8221;https:\/\/visitricase.com\/wp-content\/uploads\/2024\/06\/Libri_Palazzo.webp&#8221; title_text=&#8221;Libri_Palazzo&#8221; _builder_version=&#8221;4.25.1&#8243; _module_preset=&#8221;default&#8221; custom_margin=&#8221;||50px|||&#8221; global_colors_info=&#8221;{}&#8221;][\/et_pb_image][et_pb_text _builder_version=&#8221;4.25.1&#8243; _module_preset=&#8221;default&#8221; text_font=&#8221;Oswald||||||||&#8221; text_font_size=&#8221;26px&#8221; text_letter_spacing=&#8221;2px&#8221; global_colors_info=&#8221;{}&#8221;]<\/p>\n<p>GIROLAMO COMI<\/p>\n<p>[\/et_pb_text][et_pb_image src=&#8221;https:\/\/visitricase.com\/wp-content\/uploads\/2024\/05\/Girolamo-Comi.webp&#8221; title_text=&#8221;Girolamo Comi&#8221; align=&#8221;center&#8221; _builder_version=&#8221;4.25.1&#8243; _module_preset=&#8221;default&#8221; width=&#8221;51%&#8221; global_colors_info=&#8221;{}&#8221;][\/et_pb_image][et_pb_text _builder_version=&#8221;4.25.1&#8243; _module_preset=&#8221;default&#8221; text_font=&#8221;Roboto||||||||&#8221; text_font_size=&#8221;17px&#8221; text_line_height=&#8221;1.5em&#8221; global_colors_info=&#8221;{}&#8221;]<\/p>\n<p style=\"text-align: justify;\">C&#8217;era una volta un Barone Poeta di nome Girolamo Comi, \u00a0(1890-1968) fu un poeta e scrittore italiano, noto per il suo contributo significativo alla letteratura e cultura del Salento. che viveva a Lucugnano, un piccolo paese nel Capo di Leuca. Comi era molto rispettato e amato dai suoi concittadini per la sua bont\u00e0 e per la sua cultura. Lucugnano, che divenne un punto di incontro per scrittori e poeti provenienti da varie regioni italiane, desiderosi di discutere di letteratura e poesia. Questa accademia diede vita anche a una delle prime riviste letterarie del Sud Italia, che portava il nome dell&#8217;accademia stessa, &#8220;L&#8217;Albero&#8221;.<\/p>\n<p style=\"text-align: justify;\">Quando Lucugnano, un paese ricco di chiese e con un castello baronale, celebra il proprio poeta Girolamo Comi, non riflette solo sui suoi contributi letterari ma anche sul suo ruolo come figura culturale centrale nella comunit\u00e0. Girolamo Comi non era solo un poeta, ma un innovatore culturale che fond\u00f2 l&#8217;Accademia Salentina e la rivista letteraria &#8220;L&#8217;Albero&#8221;. Il suo impatto \u00e8 stato tale che, a seguito delle difficolt\u00e0 economiche che portarono alla perdita del suo oleificio, la Provincia di Lecce acquist\u00f2 il suo palazzo. Questo edificio fu poi trasformato in una biblioteca e successivamente in un museo che commemora la sua eredit\u00e0.<\/p>\n<p style=\"text-align: justify;\">Inoltre, questo profondo rispetto per i contributi di Comi alla cultura e letteratura italiana si \u00e8 esteso anche nell&#8217;ambito educativo, con istituzioni come le scuole che considerano dediche a suo nome. Tali gesti sono significativi per continuare la sua influenza e ispirazione tra le giovani generazioni a Lucugnano e oltre, perpetuando un apprezzamento per le arti e la letteratura radicato nel patrimonio locale.<\/p>\n<p style=\"text-align: justify;\">\n<p>[\/et_pb_text][et_pb_image src=&#8221;https:\/\/visitricase.com\/wp-content\/uploads\/2024\/06\/Museo_Comi.webp&#8221; title_text=&#8221;Museo_Comi&#8221; _builder_version=&#8221;4.25.1&#8243; _module_preset=&#8221;default&#8221; global_colors_info=&#8221;{}&#8221;][\/et_pb_image][et_pb_text _builder_version=&#8221;4.25.1&#8243; _module_preset=&#8221;default&#8221; text_font=&#8221;Oswald||||||||&#8221; text_font_size=&#8221;26px&#8221; text_letter_spacing=&#8221;2px&#8221; global_colors_info=&#8221;{}&#8221;]<\/p>\n<p>IL MATRIMONIO<\/p>\n<p>[\/et_pb_text][et_pb_text _builder_version=&#8221;4.25.1&#8243; _module_preset=&#8221;default&#8221; text_font=&#8221;Roboto||||||||&#8221; text_font_size=&#8221;17px&#8221; text_line_height=&#8221;1.5em&#8221; global_colors_info=&#8221;{}&#8221;]<\/p>\n<div class=\"flex flex-grow flex-col max-w-full\">\n<div data-message-author-role=\"assistant\" data-message-id=\"9a33435d-9438-4a42-a8a5-f149fa68608e\" dir=\"auto\" class=\"min-h-[20px] text-message flex flex-col items-start whitespace-pre-wrap break-words [.text-message+&amp;]:mt-5 juice:w-full juice:items-end overflow-x-auto gap-2\">\n<div class=\"flex w-full flex-col gap-1 juice:empty:hidden juice:first:pt-[3px]\">\n<div class=\"markdown prose w-full break-words dark:prose-invert light\">\n<p style=\"text-align: justify;\">Girolamo Comi si spos\u00f2 nel 1965 con Tina Lambrini, che era stata la sua domestica dal 1948 e che, nel corso degli anni, divenne anche un importante sostegno morale per lui. Questo matrimonio avvenne in un periodo della vita di Comi segnato da gravi problemi economici, durante il quale vendette anche il suo palazzo alla Provincia di Lecce per trasformarlo in una biblioteca pubblica, pur rimanendo a vivere l\u00ec come custode e bibliotecario. Il poeta mor\u00ec nel 1968, circondato dall&#8217;affetto dei suoi concittadini che lo avevano supportato negli ultimi anni della sua vita.<\/p>\n<\/div>\n<\/div>\n<\/div>\n<\/div>\n<p>[\/et_pb_text][\/et_pb_column][\/et_pb_row][et_pb_row _builder_version=&#8221;4.25.1&#8243; _module_preset=&#8221;default&#8221; custom_padding=&#8221;||0px|||&#8221; global_colors_info=&#8221;{}&#8221;][et_pb_column type=&#8221;4_4&#8243; _builder_version=&#8221;4.25.1&#8243; _module_preset=&#8221;default&#8221; global_colors_info=&#8221;{}&#8221;][et_pb_divider color=&#8221;#8F8F8F&#8221; _builder_version=&#8221;4.25.1&#8243; _module_preset=&#8221;default&#8221; width=&#8221;100%&#8221; hover_enabled=&#8221;0&#8243; global_colors_info=&#8221;{}&#8221; divider_weight=&#8221;1px&#8221; sticky_enabled=&#8221;0&#8243; max_width=&#8221;100%&#8221;][\/et_pb_divider][\/et_pb_column][\/et_pb_row][\/et_pb_section][et_pb_section fb_built=&#8221;1&#8243; _builder_version=&#8221;4.25.1&#8243; _module_preset=&#8221;default&#8221; background_color=&#8221;#FFFFFF&#8221; custom_margin=&#8221;-1px|||||&#8221; custom_padding=&#8221;13px||18px|||&#8221; global_colors_info=&#8221;{}&#8221;][et_pb_row column_structure=&#8221;1_3,1_3,1_3&#8243; _builder_version=&#8221;4.25.1&#8243; _module_preset=&#8221;default&#8221; custom_padding=&#8221;9px|||||&#8221; global_colors_info=&#8221;{}&#8221;][et_pb_column type=&#8221;1_3&#8243; _builder_version=&#8221;4.25.1&#8243; _module_preset=&#8221;default&#8221; global_colors_info=&#8221;{}&#8221;][et_pb_text _builder_version=&#8221;4.25.1&#8243; _module_preset=&#8221;default&#8221; text_font=&#8221;Oswald||||||||&#8221; text_font_size=&#8221;20px&#8221; text_letter_spacing=&#8221;3px&#8221; global_colors_info=&#8221;{}&#8221;]<\/p>\n<p>CONTATTI<\/p>\n<p>[\/et_pb_text][et_pb_text _builder_version=&#8221;4.25.1&#8243; _module_preset=&#8221;default&#8221; text_font=&#8221;Roboto||||||||&#8221; text_letter_spacing=&#8221;1px&#8221; hover_enabled=&#8221;0&#8243; global_colors_info=&#8221;{}&#8221; sticky_enabled=&#8221;0&#8243;]<\/p>\n<p>BIBLOTECA &#8211; 0832\/373553<\/p>\n<p>[\/et_pb_text][\/et_pb_column][et_pb_column type=&#8221;1_3&#8243; _builder_version=&#8221;4.25.1&#8243; _module_preset=&#8221;default&#8221; global_colors_info=&#8221;{}&#8221;][et_pb_text _builder_version=&#8221;4.25.1&#8243; _module_preset=&#8221;default&#8221; custom_margin=&#8221;||8px|||&#8221; hover_enabled=&#8221;0&#8243; global_colors_info=&#8221;{}&#8221; sticky_enabled=&#8221;0&#8243;][\/et_pb_text][et_pb_text _builder_version=&#8221;4.25.1&#8243; _module_preset=&#8221;default&#8221; text_font=&#8221;Roboto||||||||&#8221; text_letter_spacing=&#8221;1px&#8221; global_colors_info=&#8221;{}&#8221;]<\/p>\n<p>VISITE GUIDATE &amp; ATTIVIT\u00c0\u00a0 CULTURALI &#8211; 380 4580 810<\/p>\n<p>[\/et_pb_text][\/et_pb_column][et_pb_column type=&#8221;1_3&#8243; _builder_version=&#8221;4.25.1&#8243; _module_preset=&#8221;default&#8221; global_colors_info=&#8221;{}&#8221;][et_pb_text _builder_version=&#8221;4.25.1&#8243; _module_preset=&#8221;default&#8221; global_colors_info=&#8221;{}&#8221;][\/et_pb_text][et_pb_text _builder_version=&#8221;4.25.1&#8243; _module_preset=&#8221;default&#8221; text_font=&#8221;Roboto||||||||&#8221; text_letter_spacing=&#8221;1px&#8221; hover_enabled=&#8221;0&#8243; global_colors_info=&#8221;{}&#8221; sticky_enabled=&#8221;0&#8243;]<\/p>\n<p style=\"text-align: right;\">EMAIL &#8211; <a href=\"mailto:INFO@GIROLAMO\">INFO@GIROLAMO.COMI<\/a><\/p>\n<p>[\/et_pb_text][\/et_pb_column][\/et_pb_row][\/et_pb_section]<\/p>\n","protected":false},"excerpt":{"rendered":"<p>Un punto di riferimento culturale che celebra la vita e l&#8217;opera del noto poeta italiano Girolamo Comi.Palazzo Comi, costruito nella met\u00e0 del XIX secolo dalla famiglia baronale omonima, \u00e8 un edificio di notevole interesse storico e culturale situato a Lucugnano. Appartenne al poeta Girolamo Comi fino al 1961, anno in cui, a causa di difficolt\u00e0 [&hellip;]<\/p>\n","protected":false},"author":1,"featured_media":0,"parent":0,"menu_order":0,"comment_status":"closed","ping_status":"closed","template":"","meta":{"_seopress_robots_primary_cat":"","_seopress_titles_title":"Palazzo Comi Casa Museo %%sep%% %%sitetitle%%","_seopress_titles_desc":"Palazzo Comi-Casa Museo rappresenta un ricco patrimonio storico e bibliotecario. Costruito nella met\u00e0 del XIX secolo dalla famiglia baronale omonima, \u00e8 un edificio di notevole interesse storico e culturale situato a Lucugnano.","_seopress_robots_index":"","_seopress_analysis_target_kw":"Museo,Palazzo Comi,Casa Museo,casa museo milano,casa museo de chirico,biblioteca tricase,biblioteca lecce,Bibloteca,biblioteca comunale","_et_pb_use_builder":"on","_et_pb_old_content":"","_et_gb_content_width":"","footnotes":""},"class_list":["post-788","page","type-page","status-publish","hentry"],"_links":{"self":[{"href":"https:\/\/visitricase.com\/index.php\/wp-json\/wp\/v2\/pages\/788","targetHints":{"allow":["GET"]}}],"collection":[{"href":"https:\/\/visitricase.com\/index.php\/wp-json\/wp\/v2\/pages"}],"about":[{"href":"https:\/\/visitricase.com\/index.php\/wp-json\/wp\/v2\/types\/page"}],"author":[{"embeddable":true,"href":"https:\/\/visitricase.com\/index.php\/wp-json\/wp\/v2\/users\/1"}],"replies":[{"embeddable":true,"href":"https:\/\/visitricase.com\/index.php\/wp-json\/wp\/v2\/comments?post=788"}],"version-history":[{"count":0,"href":"https:\/\/visitricase.com\/index.php\/wp-json\/wp\/v2\/pages\/788\/revisions"}],"wp:attachment":[{"href":"https:\/\/visitricase.com\/index.php\/wp-json\/wp\/v2\/media?parent=788"}],"curies":[{"name":"wp","href":"https:\/\/api.w.org\/{rel}","templated":true}]}}