{"id":736,"date":"2024-05-31T16:29:32","date_gmt":"2024-05-31T14:29:32","guid":{"rendered":"https:\/\/visitricase.com\/?page_id=736"},"modified":"2024-10-17T21:33:51","modified_gmt":"2024-10-17T19:33:51","slug":"castello-di-lucugnano","status":"publish","type":"page","link":"https:\/\/visitricase.com\/index.php\/castello-di-lucugnano\/","title":{"rendered":"Castello di Lucugnano"},"content":{"rendered":"<p>[et_pb_section fb_built=&#8221;1&#8243; _builder_version=&#8221;4.25.1&#8243; _module_preset=&#8221;default&#8221; background_image=&#8221;https:\/\/visitricase.com\/wp-content\/uploads\/2024\/05\/Castello-Lucugnano.webp&#8221; min_height=&#8221;507px&#8221; custom_padding=&#8221;40px||11px|||&#8221; global_colors_info=&#8221;{}&#8221;][\/et_pb_section][et_pb_section fb_built=&#8221;1&#8243; admin_label=&#8221;Grid Heading &#038; Code&#8221; _builder_version=&#8221;4.16&#8243; _module_preset=&#8221;default&#8221; custom_padding=&#8221;17px||65px|||&#8221; global_colors_info=&#8221;{}&#8221;][et_pb_row column_structure=&#8221;1_2,1_2&#8243; custom_padding_last_edited=&#8221;on|desktop&#8221; _builder_version=&#8221;4.25.1&#8243; _module_preset=&#8221;_initial&#8221; width=&#8221;auto&#8221; max_width=&#8221;1400px&#8221; min_height=&#8221;28px&#8221; custom_margin=&#8221;68px|auto||auto||&#8221; custom_padding=&#8221;0px|30px|0px|30px|true|true&#8221; custom_padding_tablet=&#8221;|30px||30px|true|true&#8221; custom_padding_phone=&#8221;|15px||15px|true|true&#8221; global_colors_info=&#8221;{}&#8221;][et_pb_column type=&#8221;1_2&#8243; _builder_version=&#8221;4.16&#8243; _module_preset=&#8221;default&#8221; global_colors_info=&#8221;{}&#8221;][et_pb_text _builder_version=&#8221;4.25.1&#8243; _module_preset=&#8221;default&#8221; text_font=&#8221;Oswald||||||||&#8221; text_font_size=&#8221;50px&#8221; global_colors_info=&#8221;{}&#8221;]<\/p>\n<p>CASTELLO DI LUCUGNANO<\/p>\n<p>[\/et_pb_text][et_pb_text _builder_version=&#8221;4.25.1&#8243; _module_preset=&#8221;default&#8221; text_font=&#8221;Roboto||||||||&#8221; text_text_color=&#8221;#000000&#8243; text_font_size=&#8221;24px&#8221; text_line_height=&#8221;1.5em&#8221; custom_margin=&#8221;||17px|||&#8221; global_colors_info=&#8221;{}&#8221;]<\/p>\n<p style=\"text-align: justify;\">Porta con s\u00e9 una storia variegata che rispecchia le profonde trasformazioni culturali e architettoniche della regione del Salento. La sua storia inizia nel XVI secolo e si intreccia con elementi di spiritualit\u00e0, guerra e nobilt\u00e0.<\/p>\n<p>[\/et_pb_text][et_pb_text _builder_version=&#8221;4.25.1&#8243; _module_preset=&#8221;default&#8221; text_font=&#8221;Roboto||||||||&#8221; text_font_size=&#8221;17px&#8221; text_line_height=&#8221;1.5em&#8221; global_colors_info=&#8221;{}&#8221;]<\/p>\n<p style=\"text-align: justify;\">l castello fu originariamente costruito nel Cinquecento, quando il Conte Goffredo, un nobile di origine normanna, decise di donare l&#8217;intero feudo, incluso il castello, ai monaci bizantini di Santa Maria di Amito. Questo gesto non solo dimostrava la piet\u00e0 e il legame del conte con la chiesa, ma anche un importante scambio culturale e spirituale tra Occidente e Oriente. Con il tempo, il castello ha subito varie ristrutturazioni, soprattutto dopo essere passato in mano a diverse famiglie nobiliari, inclusa la famiglia Russi, che ne \u00e8 l&#8217;attuale proprietaria.<\/p>\n<p style=\"text-align: justify;\">Dal castello originale del 1500 rimane oggi solo la torre, mentre il resto dell&#8217;edificio \u00e8 stato ricostruito. Il castello \u00e8 composto da 22 stanze, ciascuna delle quali riflette stili e epoche diverse a seconda dei vari interventi di restauro e ristrutturazione. Un dettaglio notevole \u00e8 il motto inciso sulla porta del giardino: &#8220;Mori potius quam foedari&#8221; (Meglio morire che essere disonesti), che esprime un forte senso di onore e integrit\u00e0, valori che erano estremamente importanti nella cultura cavalleresca e nobiliare.<\/p>\n<p style=\"text-align: justify;\">[\/et_pb_text][et_pb_divider color=&#8221;#C2C2C2&#8243; _builder_version=&#8221;4.25.1&#8243; _module_preset=&#8221;default&#8221; global_colors_info=&#8221;{}&#8221;][\/et_pb_divider][et_pb_image src=&#8221;https:\/\/visitricase.com\/wp-content\/uploads\/2024\/05\/Castello-Lucugnano1.webp&#8221; title_text=&#8221;Castello Lucugnano1&#8243; _builder_version=&#8221;4.27.2&#8243; _module_preset=&#8221;default&#8221; custom_margin=&#8221;-11px||20px|||&#8221; hover_enabled=&#8221;0&#8243; global_colors_info=&#8221;{}&#8221; alt=&#8221;Castello-Lucugnano&#8221; sticky_enabled=&#8221;0&#8243;][\/et_pb_image][et_pb_text _builder_version=&#8221;4.25.1&#8243; _module_preset=&#8221;default&#8221; text_font=&#8221;Roboto||||||||&#8221; text_font_size=&#8221;18px&#8221; global_colors_info=&#8221;{}&#8221;]<\/p>\n<p style=\"text-align: center;\">Piazza Girolamo Comi, 11 &#8211; 73030 Lucugnano (Lecce)<\/p>\n<p>[\/et_pb_text][\/et_pb_column][et_pb_column type=&#8221;1_2&#8243; _builder_version=&#8221;4.16&#8243; _module_preset=&#8221;default&#8221; global_colors_info=&#8221;{}&#8221;][et_pb_image src=&#8221;https:\/\/visitricase.com\/wp-content\/uploads\/2024\/05\/Lucugnamo.webp&#8221; title_text=&#8221;Lucugnamo&#8221; _builder_version=&#8221;4.27.2&#8243; _module_preset=&#8221;default&#8221; custom_margin=&#8221;||30px|||&#8221; hover_enabled=&#8221;0&#8243; global_colors_info=&#8221;{}&#8221; alt=&#8221;Lucugnamo&#8221; sticky_enabled=&#8221;0&#8243;][\/et_pb_image][et_pb_text _builder_version=&#8221;4.25.1&#8243; _module_preset=&#8221;default&#8221; text_font=&#8221;Roboto||||||||&#8221; text_font_size=&#8221;17px&#8221; text_line_height=&#8221;1.5em&#8221; global_colors_info=&#8221;{}&#8221;]<\/p>\n<p style=\"text-align: justify;\">,La torre rimasta del castello originario \u00e8 carica di mistero e storie del passato. Una leggenda locale racconta che sotto il castello ci siano passaggi segreti costruiti dai monaci per sfuggire a possibili assalti o per conservare reliquie sacre. Questi passaggi, mai confermati ufficialmente, alimentano l&#8217;immaginario popolare e attraggono gli appassionati di storia e misteri.<\/p>\n<p style=\"text-align: justify;\">Il Castello di Lucugnano non solo \u00e8 un esempio di architettura storica del Salento, ma \u00e8 anche un simbolo del legame tra la comunit\u00e0 e il suo passato. La conservazione di strutture come questa \u00e8 fondamentale per mantenere viva la memoria storica della regione e per educare le future generazioni sull&#8217;importanza della conservazione del patrimonio culturale.<\/p>\n<p style=\"text-align: justify;\">Visitarlo offre un&#8217;occasione unica per esplorare le complessit\u00e0 della storia locale e per riflettere sulle diverse fasi storiche che hanno plasmato il Salento, rendendo il Castello di Lucugnano un luogo di interesse culturale e storico di grande valore.<\/p>\n<p style=\"text-align: justify;\"><span>Il\u00a0<\/span><strong>Castello di Lucugnano<\/strong><span>, noto anche come Palazzo baronale dei Capece-Alfarano, \u00e8 attualmente diviso tra diversi proprietari. La parte sinistra e centrale del palazzo \u00e8 di propriet\u00e0 della\u00a0<\/span><strong>famiglia Frascaro<\/strong><span> di Lecce, ricevuta in eredit\u00e0 in linea diretta con il primo Federico Cortese. La parte destra, invece, appartiene agli eredi Pispero, origionari di Lugnano ma residenti a Lecce.<\/span><span>\u00a0Questa divisione della propriet\u00e0 rispecchia le vicissitudini storiche dell\u2019edificio, che ha visto nel corso dei secoli diversi rifacimenti e cambi di mano.<\/span><\/p>\n<p style=\"text-align: justify;\">[\/et_pb_text][\/et_pb_column][\/et_pb_row][\/et_pb_section]<\/p>\n","protected":false},"excerpt":{"rendered":"<p>CASTELLO DI LUCUGNANOPorta con s\u00e9 una storia variegata che rispecchia le profonde trasformazioni culturali e architettoniche della regione del Salento. La sua storia inizia nel XVI secolo e si intreccia con elementi di spiritualit\u00e0, guerra e nobilt\u00e0.l castello fu originariamente costruito nel Cinquecento, quando il Conte Goffredo, un nobile di origine normanna, decise di donare [&hellip;]<\/p>\n","protected":false},"author":1,"featured_media":0,"parent":0,"menu_order":0,"comment_status":"closed","ping_status":"closed","template":"","meta":{"_seopress_robots_primary_cat":"","_seopress_titles_title":"Castello di Lugnano %%sep%% %%sitetitle%%","_seopress_titles_desc":"Il Castello di Caprarica porta con s\u00e9 una storia ricca e variegata che rispecchia le profonde trasformazioni culturali","_seopress_robots_index":"","_seopress_analysis_target_kw":"Lucugnano,lucugnano di tricase,lucugnano ceramiche,Dimora,cultura italiana pt 1,Trasformazione","_et_pb_use_builder":"on","_et_pb_old_content":"","_et_gb_content_width":"","footnotes":""},"class_list":["post-736","page","type-page","status-publish","hentry"],"_links":{"self":[{"href":"https:\/\/visitricase.com\/index.php\/wp-json\/wp\/v2\/pages\/736","targetHints":{"allow":["GET"]}}],"collection":[{"href":"https:\/\/visitricase.com\/index.php\/wp-json\/wp\/v2\/pages"}],"about":[{"href":"https:\/\/visitricase.com\/index.php\/wp-json\/wp\/v2\/types\/page"}],"author":[{"embeddable":true,"href":"https:\/\/visitricase.com\/index.php\/wp-json\/wp\/v2\/users\/1"}],"replies":[{"embeddable":true,"href":"https:\/\/visitricase.com\/index.php\/wp-json\/wp\/v2\/comments?post=736"}],"version-history":[{"count":1,"href":"https:\/\/visitricase.com\/index.php\/wp-json\/wp\/v2\/pages\/736\/revisions"}],"predecessor-version":[{"id":1410,"href":"https:\/\/visitricase.com\/index.php\/wp-json\/wp\/v2\/pages\/736\/revisions\/1410"}],"wp:attachment":[{"href":"https:\/\/visitricase.com\/index.php\/wp-json\/wp\/v2\/media?parent=736"}],"curies":[{"name":"wp","href":"https:\/\/api.w.org\/{rel}","templated":true}]}}