{"id":696,"date":"2024-05-31T16:34:51","date_gmt":"2024-05-31T14:34:51","guid":{"rendered":"https:\/\/visitricase.com\/?page_id=696"},"modified":"2024-10-17T21:52:49","modified_gmt":"2024-10-17T19:52:49","slug":"palazzo-dei-principi-gallone","status":"publish","type":"page","link":"https:\/\/visitricase.com\/index.php\/palazzo-dei-principi-gallone\/","title":{"rendered":"Palazzo dei Principi Gallone"},"content":{"rendered":"<p>[et_pb_section fb_built=&#8221;1&#8243; _builder_version=&#8221;4.25.1&#8243; _module_preset=&#8221;default&#8221; background_image=&#8221;https:\/\/visitricase.com\/wp-content\/uploads\/2024\/05\/Palazzo-Gallone2-1.webp&#8221; min_height=&#8221;507px&#8221; custom_padding=&#8221;40px||11px|||&#8221; global_colors_info=&#8221;{}&#8221;][\/et_pb_section][et_pb_section fb_built=&#8221;1&#8243; admin_label=&#8221;Grid Heading &#038; Code&#8221; _builder_version=&#8221;4.16&#8243; _module_preset=&#8221;default&#8221; custom_padding=&#8221;17px||65px|||&#8221; global_colors_info=&#8221;{}&#8221;][et_pb_row column_structure=&#8221;1_2,1_2&#8243; custom_padding_last_edited=&#8221;on|desktop&#8221; _builder_version=&#8221;4.25.1&#8243; _module_preset=&#8221;_initial&#8221; width=&#8221;auto&#8221; max_width=&#8221;1400px&#8221; min_height=&#8221;28px&#8221; custom_margin=&#8221;68px|auto||auto||&#8221; custom_padding=&#8221;0px|30px|0px|30px|true|true&#8221; custom_padding_tablet=&#8221;|30px||30px|true|true&#8221; custom_padding_phone=&#8221;|15px||15px|true|true&#8221; global_colors_info=&#8221;{}&#8221;][et_pb_column type=&#8221;1_2&#8243; _builder_version=&#8221;4.16&#8243; _module_preset=&#8221;default&#8221; global_colors_info=&#8221;{}&#8221;][et_pb_text _builder_version=&#8221;4.25.1&#8243; _module_preset=&#8221;default&#8221; text_font=&#8221;Oswald||||||||&#8221; text_font_size=&#8221;50px&#8221; global_colors_info=&#8221;{}&#8221;]<\/p>\n<p>PALAZZO DEI PRINCIPI GALLONE<\/p>\n<p>[\/et_pb_text][et_pb_text _builder_version=&#8221;4.25.1&#8243; _module_preset=&#8221;default&#8221; text_font=&#8221;Roboto||||||||&#8221; text_text_color=&#8221;#000000&#8243; text_font_size=&#8221;24px&#8221; text_line_height=&#8221;1.5em&#8221; custom_margin=&#8221;||17px|||&#8221; global_colors_info=&#8221;{}&#8221;]<\/p>\n<p style=\"text-align: justify;\"><span>Il\u00a0<\/span>Palazzo dei Principi Gallone<span> \u00e8 uno dei monumenti pi\u00f9 significativi di Tricase \u00e8 uno dei gioielli architettonici e storici della Puglia, ricco di fascino e storie affascinanti che rispecchiano le varie epoche attraversate.<\/span><\/p>\n<p>[\/et_pb_text][et_pb_text _builder_version=&#8221;4.25.1&#8243; _module_preset=&#8221;default&#8221; text_font=&#8221;Roboto||||||||&#8221; text_font_size=&#8221;17px&#8221; text_line_height=&#8221;1.5em&#8221; global_colors_info=&#8221;{}&#8221;]<\/p>\n<p style=\"text-align: justify;\">Costruito nel 1661, il Castello dei Principi Gallone \u00e8 stato eretto durante un periodo di grande prosperit\u00e0 e instabilit\u00e0, riflettendo la necessit\u00e0 di una solida difesa unita all&#8217;eleganza di una residenza nobiliare. Nel corso dei secoli, il castello ha avuto numerosi usi, tra cui quello residenziale per la famiglia Gallone e ora funge da sede del Comune di Tricase, rendendolo un centro vitale per la comunit\u00e0 locale.<\/p>\n<p style=\"text-align: justify;\">Il castello \u00e8 composto da tre elementi principali: la torre, il torrione, e il corpo dell&#8217;edificio, estendendosi su quattro piani. La sua struttura imponente \u00e8 dominata da una facciata che si affaccia su piazza Pisanelli, con due torri ai lati. La torre pi\u00f9 grande \u00e8 nota come la &#8220;Torre della Fame&#8221;, luogo di triste memoria dove venivano rinchiusi i prigionieri. L&#8217;altra torre, di base quadrata, ospita oggi la Pro Loco, contribuendo alla promozione culturale e turistica del luogo.<\/p>\n<p style=\"text-align: justify;\">Una delle caratteristiche pi\u00f9 affascinanti del castello \u00e8 il numero di stanze: 365, una per ogni giorno dell&#8217;anno. Questo dettaglio non solo sottolinea la grandezza del castello ma anche l&#8217;ingegnosit\u00e0 e la simbolica precisione con cui fu progettato. Inoltre, la sala del trono, capace di contenere fino a 1000 persone, testimonia l&#8217;importanza del castello come centro di potere e luogo per grandi assemblee<\/p>\n<p>[\/et_pb_text][et_pb_divider color=&#8221;#C2C2C2&#8243; _builder_version=&#8221;4.25.1&#8243; _module_preset=&#8221;default&#8221; global_colors_info=&#8221;{}&#8221;][\/et_pb_divider][et_pb_image src=&#8221;https:\/\/visitricase.com\/wp-content\/uploads\/2024\/05\/Palazzo-Gallone1.webp&#8221; title_text=&#8221;Palazzo Gallone1&#8243; _builder_version=&#8221;4.27.2&#8243; _module_preset=&#8221;default&#8221; custom_margin=&#8221;-11px||20px|||&#8221; hover_enabled=&#8221;0&#8243; global_colors_info=&#8221;{}&#8221; alt=&#8221;Piazza Don Tonino&#8221; sticky_enabled=&#8221;0&#8243;][\/et_pb_image][et_pb_text _builder_version=&#8221;4.25.1&#8243; _module_preset=&#8221;default&#8221; text_font=&#8221;Roboto||||||||&#8221; text_font_size=&#8221;18px&#8221; global_colors_info=&#8221;{}&#8221;]<\/p>\n<p style=\"text-align: center;\">Piazza Pisanelli, 73039 Tricase LE<\/p>\n<p>[\/et_pb_text][\/et_pb_column][et_pb_column type=&#8221;1_2&#8243; _builder_version=&#8221;4.16&#8243; _module_preset=&#8221;default&#8221; global_colors_info=&#8221;{}&#8221;][et_pb_image src=&#8221;https:\/\/visitricase.com\/wp-content\/uploads\/2024\/05\/Palazzo-Gallone-1.webp&#8221; title_text=&#8221;Palazzo Gallone&#8221; _builder_version=&#8221;4.27.2&#8243; _module_preset=&#8221;default&#8221; custom_margin=&#8221;||30px|||&#8221; hover_enabled=&#8221;0&#8243; global_colors_info=&#8221;{}&#8221; alt=&#8221;Palazzo-Gallone&#8221; sticky_enabled=&#8221;0&#8243;][\/et_pb_image][et_pb_text _builder_version=&#8221;4.25.1&#8243; _module_preset=&#8221;default&#8221; text_font=&#8221;Roboto||||||||&#8221; text_font_size=&#8221;17px&#8221; text_line_height=&#8221;1.5em&#8221; global_colors_info=&#8221;{}&#8221;]<\/p>\n<p style=\"text-align: justify;\">La &#8220;Torre della Fame&#8221; \u00e8 al centro di molte storie lugubri e leggende locali. Si racconta che i prigionieri ivi rinchiusi venissero lasciati morire di fame, un destino crudele che ha contribuito al nome sinistro della torre. Queste narrazioni, sebbene oscure, aggiungono uno strato di mistero e fascino storico al castello, attirando curiosi e appassionati di storie.<\/p>\n<p style=\"text-align: justify;\">Oggi, il Castello dei Principi Gallone non \u00e8 solo un monumento storico, ma un vivace centro di attivit\u00e0 civica e culturale. La sua utilizzazione come sede comunale dimostra come le strutture storiche possano essere adattate a funzioni moderne, mantenendo vivo il loro significato storico e continuando a servire la comunit\u00e0. Visitarlo offre l&#8217;opportunit\u00e0 di esplorare non solo l&#8217;architettura imponente e la ricca storia, ma anche di immergersi nelle leggende e nelle narrazioni che hanno modellato l&#8217;identit\u00e0 di Tricase nel corso dei secoli.<\/p>\n<p style=\"text-align: justify;\"><strong>LA LEGGENDA DEL PRINCIPE GALLONE<\/strong><\/p>\n<p style=\"text-align: justify;\">La leggenda del Principe Gallone \u00e8 una delle storie pi\u00f9 affascinanti di Tricase. Secondo la leggenda, il Principe Gallone era un uomo molto crudele e aveva stretti legami con il demonio.<\/p>\n<p style=\"text-align: justify;\">Si racconta che il Principe Gallone avesse un patto con Satana, che gli permetteva di esaudire ogni suo desiderio. Questo legame con il demonio ha portato molte persone a temere il Principe e il suo potere.<\/p>\n<p style=\"text-align: justify;\">La leggenda \u00e8 molto conosciuta tra gli abitanti di Tricase e contribuisce a creare un\u2019atmosfera misteriosa attorno al Palazzo dei Principi Gallone. Nonostante sia solo una leggenda, la storia del Principe Gallone continua a essere raccontata e a incantare chiunque la ascolti<\/p>\n<p>[\/et_pb_text][\/et_pb_column][\/et_pb_row][\/et_pb_section]<\/p>\n","protected":false},"excerpt":{"rendered":"<p>PALAZZO DEI PRINCIPI GALLONEIl\u00a0Palazzo dei Principi Gallone \u00e8 uno dei monumenti pi\u00f9 significativi di Tricase \u00e8 uno dei gioielli architettonici e storici della Puglia, ricco di fascino e storie affascinanti che rispecchiano le varie epoche attraversate.Costruito nel 1661, il Castello dei Principi Gallone \u00e8 stato eretto durante un periodo di grande prosperit\u00e0 e instabilit\u00e0, riflettendo [&hellip;]<\/p>\n","protected":false},"author":1,"featured_media":0,"parent":0,"menu_order":0,"comment_status":"closed","ping_status":"closed","template":"","meta":{"_seopress_robots_primary_cat":"","_seopress_titles_title":"Palazzo Gallone %%sep%% %%sitetitle%%","_seopress_titles_desc":"Visitare Palazzo gallone offre l'opportunit\u00e0 di esplorare non solo l'architettura imponente e la ricca storia, ma anche di immergersi nelle leggende e nelle narrazioni che hanno modellato l'identit\u00e0 di Tricase nel corso dei secoli.","_seopress_robots_index":"","_seopress_analysis_target_kw":"Principi Gallone,castello principi gallone,Esplorare,Leggende,Narrazioni,narrazioni urbane,narrazioni di gesta eroiche,Identitt\u00e0","_et_pb_use_builder":"on","_et_pb_old_content":"","_et_gb_content_width":"","footnotes":""},"class_list":["post-696","page","type-page","status-publish","hentry"],"_links":{"self":[{"href":"https:\/\/visitricase.com\/index.php\/wp-json\/wp\/v2\/pages\/696","targetHints":{"allow":["GET"]}}],"collection":[{"href":"https:\/\/visitricase.com\/index.php\/wp-json\/wp\/v2\/pages"}],"about":[{"href":"https:\/\/visitricase.com\/index.php\/wp-json\/wp\/v2\/types\/page"}],"author":[{"embeddable":true,"href":"https:\/\/visitricase.com\/index.php\/wp-json\/wp\/v2\/users\/1"}],"replies":[{"embeddable":true,"href":"https:\/\/visitricase.com\/index.php\/wp-json\/wp\/v2\/comments?post=696"}],"version-history":[{"count":1,"href":"https:\/\/visitricase.com\/index.php\/wp-json\/wp\/v2\/pages\/696\/revisions"}],"predecessor-version":[{"id":1414,"href":"https:\/\/visitricase.com\/index.php\/wp-json\/wp\/v2\/pages\/696\/revisions\/1414"}],"wp:attachment":[{"href":"https:\/\/visitricase.com\/index.php\/wp-json\/wp\/v2\/media?parent=696"}],"curies":[{"name":"wp","href":"https:\/\/api.w.org\/{rel}","templated":true}]}}