{"id":308,"date":"2024-05-12T18:26:12","date_gmt":"2024-05-12T16:26:12","guid":{"rendered":"https:\/\/visitricase.com\/?page_id=308"},"modified":"2024-05-18T21:13:49","modified_gmt":"2024-05-18T19:13:49","slug":"chiesa-della-nativita","status":"publish","type":"page","link":"https:\/\/visitricase.com\/index.php\/chiesa-della-nativita\/","title":{"rendered":"chiesa della nativit\u00e0"},"content":{"rendered":"<p>[et_pb_section fb_built=&#8221;1&#8243; _builder_version=&#8221;4.25.1&#8243; _module_preset=&#8221;default&#8221; custom_padding=&#8221;2px|||||&#8221; global_colors_info=&#8221;{}&#8221;][et_pb_row column_structure=&#8221;1_2,1_2&#8243; use_custom_gutter=&#8221;on&#8221; gutter_width=&#8221;1&#8243; make_equal=&#8221;on&#8221; admin_label=&#8221;Gallery&#8221; module_class=&#8221; et_pb_row_fullwidth&#8221; _builder_version=&#8221;4.25.1&#8243; width=&#8221;100%&#8221; width_tablet=&#8221;100%&#8221; width_phone=&#8221;100%&#8221; width_last_edited=&#8221;on|desktop&#8221; max_width=&#8221;100%&#8221; max_width_tablet=&#8221;100%&#8221; max_width_phone=&#8221;100%&#8221; max_width_last_edited=&#8221;on|desktop&#8221; custom_padding=&#8221;3px||78px|||&#8221; make_fullwidth=&#8221;on&#8221; locked=&#8221;off&#8221; global_colors_info=&#8221;{}&#8221;][et_pb_column type=&#8221;1_2&#8243; _builder_version=&#8221;4.16&#8243; custom_padding=&#8221;|||&#8221; global_colors_info=&#8221;{}&#8221; custom_padding__hover=&#8221;|||&#8221;][et_pb_image src=&#8221;https:\/\/visitricase.com\/wp-content\/uploads\/2024\/05\/Dipinto.webp&#8221; title_text=&#8221;Dipinto&#8221; _builder_version=&#8221;4.25.1&#8243; _module_preset=&#8221;default&#8221; global_colors_info=&#8221;{}&#8221;][\/et_pb_image][\/et_pb_column][et_pb_column type=&#8221;1_2&#8243; _builder_version=&#8221;4.16&#8243; custom_padding=&#8221;|||&#8221; global_colors_info=&#8221;{}&#8221; custom_padding__hover=&#8221;|||&#8221;][et_pb_image src=&#8221;https:\/\/visitricase.com\/wp-content\/uploads\/2024\/05\/Altare-1.webp&#8221; title_text=&#8221;Altare&#8221; _builder_version=&#8221;4.25.1&#8243; _module_preset=&#8221;default&#8221; global_colors_info=&#8221;{}&#8221;][\/et_pb_image][\/et_pb_column][\/et_pb_row][et_pb_row _builder_version=&#8221;4.25.1&#8243; _module_preset=&#8221;default&#8221; custom_padding=&#8221;||95px|||&#8221; global_colors_info=&#8221;{}&#8221;][et_pb_column type=&#8221;4_4&#8243; _builder_version=&#8221;4.25.1&#8243; _module_preset=&#8221;default&#8221; global_colors_info=&#8221;{}&#8221;][et_pb_text _builder_version=&#8221;4.25.1&#8243; _module_preset=&#8221;default&#8221; text_font=&#8221;Oswald|700|||||||&#8221; text_font_size=&#8221;60px&#8221; global_colors_info=&#8221;{}&#8221;]<\/p>\n<p>CHIESA NATIVIT\u00c0 DELLA<\/p>\n<p>BEATA MARIA VERGINE<\/p>\n<p>[\/et_pb_text][\/et_pb_column][\/et_pb_row][et_pb_row column_structure=&#8221;1_2,1_2&#8243; _builder_version=&#8221;4.25.1&#8243; _module_preset=&#8221;default&#8221; global_colors_info=&#8221;{}&#8221;][et_pb_column type=&#8221;1_2&#8243; _builder_version=&#8221;4.25.1&#8243; _module_preset=&#8221;default&#8221; global_colors_info=&#8221;{}&#8221;][et_pb_text _builder_version=&#8221;4.25.1&#8243; _module_preset=&#8221;default&#8221; text_font=&#8221;Roboto||||||||&#8221; text_text_color=&#8221;#000000&#8243; text_font_size=&#8221;24px&#8221; text_letter_spacing=&#8221;1px&#8221; text_line_height=&#8221;1.5em&#8221; global_colors_info=&#8221;{}&#8221;]<\/p>\n<p style=\"text-align: justify;\"><span>La Chiesa di Tricase, con la sua storia lunga e complessa, non \u00e8 solo un edificio; \u00e8 un simbolo vivente della fede e della resilienza della comunit\u00e0 tricasina. <\/span><\/p>\n<p>[\/et_pb_text][et_pb_text _builder_version=&#8221;4.25.1&#8243; _module_preset=&#8221;default&#8221; text_font=&#8221;Roboto||||||||&#8221; text_font_size=&#8221;17px&#8221; text_line_height=&#8221;1.5em&#8221; hover_enabled=&#8221;0&#8243; global_colors_info=&#8221;{}&#8221; sticky_enabled=&#8221;0&#8243;]<\/p>\n<p style=\"text-align: justify;\"><span>L&#8217;evoluzione di questa chiesa non solo riflette le vicissitudini storiche del luogo ma anche il dinamismo spirituale e culturale della comunit\u00e0 tricasina.<\/span><\/p>\n<p style=\"text-align: justify;\"><span>La chiesa originale, dedicata a San Demetrio, testimonia la vulnerabilit\u00e0 delle strutture medievali alle forze del tempo e agli assalti esterni, come le incursioni dei Turchi nel 1480 che distrussero la struttura. La necessit\u00e0 di ricostruire pi\u00f9 volte, prima nel 1581 e poi dopo ulteriori danneggiamenti, mostra una resilienza notevole nella comunit\u00e0, che ha continuato a riedificare e a preservare il proprio luogo di culto nonostante le avversit\u00e0.<\/span><\/p>\n<p style=\"text-align: justify;\"><span>L&#8217;ampliamento del 1763 \u00e8 particolarmente significativo, poich\u00e9 risponde a un aumento della popolazione, riflettendo la crescita e l&#8217;importanza crescente della chiesa nella vita comunitaria. L&#8217;uso di tassazione su beni essenziali come olio e grano per finanziare l&#8217;opera dimostra l&#8217;impegno della comunit\u00e0 nel sostenere attivamente le proprie infrastrutture religiose e sociali.<\/span><\/p>\n<p style=\"text-align: justify;\"><span>Architettonicamente, la chiesa del 1784 combina elementi barocchi e neoclassici, come evidenziato dalle volute eleganti e dalle statue che decorano la facciata. L&#8217;interno della chiesa \u00e8 un&#8217;esplosione di arte sacra, con opere che vanno dal Rinascimento al Barocco. Il fonte battesimale del Cinquecento, adornato con bassorilievi che narrano la storia della salvezza, \u00e8 un esempio di come l&#8217;arte venisse utilizzata per educare e ispirare i fedeli.<\/span><\/p>\n<p style=\"text-align: justify;\"><span>Le numerose tele e sculture, inclusi lavori attribuiti a Paolo Veronese e opere di Jacopo Palma il Giovane, arricchiscono visivamente l&#8217;esperienza di chi entra in chiesa e forniscono una connessione tangibile con il divino attraverso la bellezza artistica. Ogni elemento artistico non solo decora ma serve come un testo visivo che parla della fede e della storia della comunit\u00e0. <\/span><\/p>\n<p style=\"text-align: justify;\"><span>Il restauro della chiesa e la recente aggiunta del mezzobusto di Cardinale Giovanni Panico sono testimonianze del continuo impegno della comunit\u00e0 nel mantenere e celebrare la propria eredit\u00e0 storica e religiosa. Questi sforzi di conservazione mostrano un profondo rispetto per il passato e un desiderio di connettere le generazioni presenti con quelle future attraverso la memoria collettiva e la devozione.<\/span><\/p>\n<p>[\/et_pb_text][\/et_pb_column][et_pb_column type=&#8221;1_2&#8243; _builder_version=&#8221;4.25.1&#8243; _module_preset=&#8221;default&#8221; global_colors_info=&#8221;{}&#8221;][et_pb_image src=&#8221;https:\/\/visitricase.com\/wp-content\/uploads\/2024\/05\/Altare1.webp&#8221; title_text=&#8221;Altare1&#8243; _builder_version=&#8221;4.25.1&#8243; _module_preset=&#8221;default&#8221; global_colors_info=&#8221;{}&#8221;][\/et_pb_image][et_pb_image src=&#8221;https:\/\/visitricase.com\/wp-content\/uploads\/2024\/05\/Ingresso_Chiesa.webp&#8221; title_text=&#8221;Ingresso_Chiesa&#8221; _builder_version=&#8221;4.25.1&#8243; _module_preset=&#8221;default&#8221; global_colors_info=&#8221;{}&#8221;][\/et_pb_image][et_pb_text _builder_version=&#8221;4.25.1&#8243; _module_preset=&#8221;default&#8221; text_font=&#8221;Oswald||||||||&#8221; text_text_color=&#8221;#474747&#8243; text_font_size=&#8221;18px&#8221; global_colors_info=&#8221;{}&#8221;]<\/p>\n<p style=\"text-align: justify;\"><em>Ogni pietra e ogni opera d&#8217;arte raccontano storie di devozione, di sfide superate e di comunit\u00e0 che si riunisce per celebrare e sostenere i propri valori e tradizioni. In un mondo in rapida evoluzione, la chiesa rimane un faro di continuit\u00e0, offrendo uno spazio di riflessione spirituale e connessione comunitaria.<\/em><\/p>\n<p>[\/et_pb_text][\/et_pb_column][\/et_pb_row][et_pb_row column_structure=&#8221;1_2,1_2&#8243; _builder_version=&#8221;4.25.1&#8243; _module_preset=&#8221;default&#8221; global_colors_info=&#8221;{}&#8221;][et_pb_column type=&#8221;1_2&#8243; _builder_version=&#8221;4.25.1&#8243; _module_preset=&#8221;default&#8221; global_colors_info=&#8221;{}&#8221;][et_pb_image src=&#8221;https:\/\/visitricase.com\/wp-content\/uploads\/2024\/05\/Acquasantiera.webp&#8221; title_text=&#8221;Acquasantiera&#8221; _builder_version=&#8221;4.25.1&#8243; _module_preset=&#8221;default&#8221; global_colors_info=&#8221;{}&#8221;][\/et_pb_image][\/et_pb_column][et_pb_column type=&#8221;1_2&#8243; _builder_version=&#8221;4.25.1&#8243; _module_preset=&#8221;default&#8221; global_colors_info=&#8221;{}&#8221;][et_pb_image src=&#8221;https:\/\/visitricase.com\/wp-content\/uploads\/2024\/05\/Confessionale.webp&#8221; title_text=&#8221;Confessionale&#8221; _builder_version=&#8221;4.25.1&#8243; _module_preset=&#8221;default&#8221; global_colors_info=&#8221;{}&#8221;][\/et_pb_image][\/et_pb_column][\/et_pb_row][et_pb_row _builder_version=&#8221;4.25.1&#8243; _module_preset=&#8221;default&#8221; global_colors_info=&#8221;{}&#8221;][et_pb_column type=&#8221;4_4&#8243; _builder_version=&#8221;4.25.1&#8243; _module_preset=&#8221;default&#8221; global_colors_info=&#8221;{}&#8221;][et_pb_button button_url=&#8221;https:\/\/visitricase.com\/index.php\/chiese\/&#8221; button_text=&#8221;INDIETRO&#8221; _builder_version=&#8221;4.25.1&#8243; _module_preset=&#8221;default&#8221; custom_button=&#8221;on&#8221; button_text_size=&#8221;17px&#8221; button_text_color=&#8221;#000000&#8243; button_border_width=&#8221;1px&#8221; button_font=&#8221;Roboto||||||||&#8221; button_icon=&#8221;&#xe03b;||divi||400&#8243; global_colors_info=&#8221;{}&#8221;][\/et_pb_button][\/et_pb_column][\/et_pb_row][\/et_pb_section]<\/p>\n","protected":false},"excerpt":{"rendered":"<p>CHIESA NATIVIT\u00c0 DELLA BEATA MARIA VERGINELa Chiesa di Tricase, con la sua storia lunga e complessa, non \u00e8 solo un edificio; \u00e8 un simbolo vivente della fede e della resilienza della comunit\u00e0 tricasina. L&#8217;evoluzione di questa chiesa non solo riflette le vicissitudini storiche del luogo ma anche il dinamismo spirituale e culturale della comunit\u00e0 tricasina. [&hellip;]<\/p>\n","protected":false},"author":1,"featured_media":0,"parent":0,"menu_order":0,"comment_status":"closed","ping_status":"closed","template":"","meta":{"_seopress_robots_primary_cat":"","_seopress_titles_title":"","_seopress_titles_desc":"La Chiesa Madre di Tricase \u00e8 intitolata alla Nativit\u00e0 della Beata Vergine Maria, segno della lunga e profonda devozione dei tricasini alla Madre Celeste.","_seopress_robots_index":"","_seopress_analysis_target_kw":"","_et_pb_use_builder":"on","_et_pb_old_content":"","_et_gb_content_width":"","footnotes":""},"class_list":["post-308","page","type-page","status-publish","hentry"],"_links":{"self":[{"href":"https:\/\/visitricase.com\/index.php\/wp-json\/wp\/v2\/pages\/308","targetHints":{"allow":["GET"]}}],"collection":[{"href":"https:\/\/visitricase.com\/index.php\/wp-json\/wp\/v2\/pages"}],"about":[{"href":"https:\/\/visitricase.com\/index.php\/wp-json\/wp\/v2\/types\/page"}],"author":[{"embeddable":true,"href":"https:\/\/visitricase.com\/index.php\/wp-json\/wp\/v2\/users\/1"}],"replies":[{"embeddable":true,"href":"https:\/\/visitricase.com\/index.php\/wp-json\/wp\/v2\/comments?post=308"}],"version-history":[{"count":0,"href":"https:\/\/visitricase.com\/index.php\/wp-json\/wp\/v2\/pages\/308\/revisions"}],"wp:attachment":[{"href":"https:\/\/visitricase.com\/index.php\/wp-json\/wp\/v2\/media?parent=308"}],"curies":[{"name":"wp","href":"https:\/\/api.w.org\/{rel}","templated":true}]}}