{"id":1309,"date":"2024-10-14T15:17:48","date_gmt":"2024-10-14T13:17:48","guid":{"rendered":"https:\/\/visitricase.com\/?page_id=1309"},"modified":"2024-10-25T11:44:24","modified_gmt":"2024-10-25T09:44:24","slug":"cripta-della-madonna-del-gonfalone","status":"publish","type":"page","link":"https:\/\/visitricase.com\/index.php\/cripta-della-madonna-del-gonfalone\/","title":{"rendered":"Cripta della Madonna del Gonfalone"},"content":{"rendered":"<p>[et_pb_section fb_built=&#8221;1&#8243; _builder_version=&#8221;4.27.2&#8243; _module_preset=&#8221;default&#8221; background_enable_image=&#8221;off&#8221; custom_padding=&#8221;2px|||||&#8221; global_colors_info=&#8221;{}&#8221;][et_pb_row use_custom_gutter=&#8221;on&#8221; gutter_width=&#8221;1&#8243; make_equal=&#8221;on&#8221; admin_label=&#8221;Gallery&#8221; module_class=&#8221; et_pb_row_fullwidth&#8221; _builder_version=&#8221;4.27.2&#8243; background_image=&#8221;https:\/\/visitricase.com\/wp-content\/uploads\/2024\/10\/Cripta-del-Confalone1.webp&#8221; width=&#8221;100%&#8221; width_tablet=&#8221;100%&#8221; width_phone=&#8221;100%&#8221; width_last_edited=&#8221;on|desktop&#8221; max_width=&#8221;100%&#8221; max_width_tablet=&#8221;100%&#8221; max_width_phone=&#8221;100%&#8221; max_width_last_edited=&#8221;on|desktop&#8221; custom_margin=&#8221;|auto|62px|auto||&#8221; custom_padding=&#8221;3px||555px|||&#8221; make_fullwidth=&#8221;on&#8221; locked=&#8221;off&#8221; global_colors_info=&#8221;{}&#8221;][et_pb_column type=&#8221;4_4&#8243; _builder_version=&#8221;4.16&#8243; custom_padding=&#8221;|||&#8221; global_colors_info=&#8221;{}&#8221; custom_padding__hover=&#8221;|||&#8221;][\/et_pb_column][\/et_pb_row][et_pb_row _builder_version=&#8221;4.27.2&#8243; _module_preset=&#8221;default&#8221; custom_padding=&#8221;||24px|||&#8221; global_colors_info=&#8221;{}&#8221;][et_pb_column type=&#8221;4_4&#8243; _builder_version=&#8221;4.25.1&#8243; _module_preset=&#8221;default&#8221; global_colors_info=&#8221;{}&#8221;][et_pb_text _builder_version=&#8221;4.27.2&#8243; _module_preset=&#8221;default&#8221; text_font=&#8221;Oswald|700|||||||&#8221; text_font_size=&#8221;60px&#8221; text_line_height=&#8221;1.2em&#8221; global_colors_info=&#8221;{}&#8221;]<\/p>\n<p>CRIPTA DELLA MADONNA <br \/>DEL GONFALONE<\/p>\n<div class=\"et-pb-draggable-spacing et-pb-draggable-spacing__spacing et-pb-draggable-spacing__left et-pb-draggable-spacing__margin et-pb-draggable-spacing__inner et-pb-draggable-spacing--draggable-edge et-pb-draggable-spacing--animated\"><\/div>\n<p>[\/et_pb_text][\/et_pb_column][\/et_pb_row][et_pb_row column_structure=&#8221;1_2,1_2&#8243; _builder_version=&#8221;4.27.2&#8243; _module_preset=&#8221;default&#8221; custom_padding=&#8221;||3px|||&#8221; global_colors_info=&#8221;{}&#8221;][et_pb_column type=&#8221;1_2&#8243; _builder_version=&#8221;4.25.1&#8243; _module_preset=&#8221;default&#8221; global_colors_info=&#8221;{}&#8221;][et_pb_text _builder_version=&#8221;4.27.2&#8243; _module_preset=&#8221;default&#8221; text_font=&#8221;Roboto||||||||&#8221; text_text_color=&#8221;#000000&#8243; text_font_size=&#8221;24px&#8221; text_letter_spacing=&#8221;1px&#8221; text_line_height=&#8221;1.5em&#8221; hover_enabled=&#8221;0&#8243; global_colors_info=&#8221;{}&#8221; sticky_enabled=&#8221;0&#8243;]<\/p>\n<p style=\"text-align: justify;\">La <strong>Cripta del Gonfalone<\/strong>, situata a Tricase, nel cuore del Salento, \u00e8 un piccolo gioiello che racchiude secoli di storia, mistero e fascino.<\/p>\n<p>[\/et_pb_text][et_pb_text _builder_version=&#8221;4.27.2&#8243; _module_preset=&#8221;default&#8221; text_font=&#8221;Roboto||||||||&#8221; text_font_size=&#8221;17px&#8221; text_line_height=&#8221;1.5em&#8221; global_colors_info=&#8221;{}&#8221;]<\/p>\n<p style=\"text-align: justify;\">Questo luogo suggestivo \u00e8 una delle tante testimonianze della ricca tradizione rupestre del Salento, dove le comunit\u00e0 cristiane cercavano rifugio e spiritualit\u00e0.<\/p>\n<p>[\/et_pb_text][et_pb_image src=&#8221;https:\/\/visitricase.com\/wp-content\/uploads\/2024\/10\/Cripta-del-Confalone3.webp&#8221; alt=&#8221;Cripta Del Confalone 4&#8243; title_text=&#8221;Cripta del Confalone3&#8243; _builder_version=&#8221;4.27.2&#8243; _module_preset=&#8221;default&#8221; global_colors_info=&#8221;{}&#8221;][\/et_pb_image][et_pb_text _builder_version=&#8221;4.27.2&#8243; _module_preset=&#8221;default&#8221; text_font=&#8221;Roboto||||||||&#8221; text_font_size=&#8221;17px&#8221; custom_margin=&#8221;||7px|||&#8221; custom_padding=&#8221;||0px|||&#8221; global_colors_info=&#8221;{}&#8221;]<\/p>\n<p style=\"text-align: justify;\">Costruita tra il IX e il X secolo, la cripta \u00e8 scavata interamente nella roccia. Venne utilizzata per secoli come luogo di culto dai monaci basiliani, che fuggivano dalle persecuzioni bizantine. Essi scelsero questo luogo appartato per dedicarsi alla preghiera e alla meditazione. La cripta era parte di un sistema di chiese rupestri tipico della zona, che servivano non solo a pratiche religiose, ma anche a proteggere le comunit\u00e0 locali in tempi di difficolt\u00e0.<\/p>\n<p>&nbsp;<\/p>\n<p>[\/et_pb_text][et_pb_text _builder_version=&#8221;4.27.2&#8243; _module_preset=&#8221;default&#8221; text_font=&#8221;Roboto||||||||&#8221; text_font_size=&#8221;17px&#8221; custom_margin=&#8221;-28px|||||&#8221; custom_padding=&#8221;0px|||||&#8221; global_colors_info=&#8221;{}&#8221;]<\/p>\n<p style=\"text-align: justify;\">All&#8217;interno, si possono ancora ammirare affreschi antichi, anche se molti di essi sono stati danneggiati dal tempo. Questi dipinti raccontano storie bibliche e rappresentano figure di santi, testimonianza della devozione delle comunit\u00e0 che qui si riunivano.<\/p>\n<p>[\/et_pb_text][et_pb_text _builder_version=&#8221;4.27.2&#8243; _module_preset=&#8221;default&#8221; text_font=&#8221;Roboto||||||||&#8221; text_font_size=&#8221;17px&#8221; global_colors_info=&#8221;{}&#8221;]<\/p>\n<h3 style=\"text-align: justify;\">Curiosit\u00e0<\/h3>\n<p style=\"text-align: justify;\">Il nome &#8220;Confalone&#8221; ha origini incerte, ma alcuni lo collegano alla presenza di un particolare stendardo o gonfalone religioso che veniva portato in processione dai fedeli del luogo. Altri suggeriscono che potrebbe derivare da antichi riti liturgici praticati qui, legati alla richiesta di protezione o alla penitenza.<\/p>\n<p style=\"text-align: justify;\">Un altro aspetto curioso \u00e8 la disposizione della cripta, che sembra quasi nascosta, come se volesse mantenere un&#8217;aura di segretezza. Questo ha alimentato nel tempo la percezione della cripta come un luogo &#8220;magico&#8221; e &#8220;mistico&#8221;.<\/p>\n<p>[\/et_pb_text][\/et_pb_column][et_pb_column type=&#8221;1_2&#8243; _builder_version=&#8221;4.25.1&#8243; _module_preset=&#8221;default&#8221; global_colors_info=&#8221;{}&#8221;][et_pb_image src=&#8221;https:\/\/visitricase.com\/wp-content\/uploads\/2024\/10\/Cripta-del-Confalone2.webp&#8221; alt=&#8221;Cripta del Confalone&#8221; title_text=&#8221;Cripta del Confalone2&#8243; _builder_version=&#8221;4.27.2&#8243; _module_preset=&#8221;default&#8221; global_colors_info=&#8221;{}&#8221;][\/et_pb_image][et_pb_image src=&#8221;https:\/\/visitricase.com\/wp-content\/uploads\/2024\/10\/Cripta-del-Confalone.webp&#8221; alt=&#8221;Cripta del Confalone&#8221; title_text=&#8221;Cripta del Confalone&#8221; _builder_version=&#8221;4.27.2&#8243; _module_preset=&#8221;default&#8221; global_colors_info=&#8221;{}&#8221;][\/et_pb_image][\/et_pb_column][\/et_pb_row][et_pb_row column_structure=&#8221;1_2,1_2&#8243; _builder_version=&#8221;4.25.1&#8243; _module_preset=&#8221;default&#8221; custom_padding=&#8221;9px||7px|||&#8221; global_colors_info=&#8221;{}&#8221;][et_pb_column type=&#8221;1_2&#8243; _builder_version=&#8221;4.25.1&#8243; _module_preset=&#8221;default&#8221; global_colors_info=&#8221;{}&#8221;][et_pb_text _builder_version=&#8221;4.27.2&#8243; _module_preset=&#8221;default&#8221; text_font=&#8221;Roboto||||||||&#8221; text_font_size=&#8221;17px&#8221; global_colors_info=&#8221;{}&#8221;]<\/p>\n<h3>Leggende<\/h3>\n<p style=\"text-align: justify;\">Le leggende non mancano in un luogo cos\u00ec antico e misterioso. Si narra che la cripta fosse un tempo utilizzata anche come rifugio durante le incursioni saracene. Gli abitanti del posto si rifugiavano qui, credendo che le preghiere fatte in questo luogo sacro li avrebbero protetti dagli invasori.<\/p>\n<p style=\"text-align: justify;\">Un&#8217;altra leggenda riguarda la presenza di un tesoro nascosto. Secondo voci popolari, i monaci basiliani avrebbero seppellito ricchezze nei dintorni della cripta per proteggerle dai predoni. Ovviamente, nessun tesoro \u00e8 mai stato trovato, ma la storia ha contribuito a rendere la cripta ancora pi\u00f9 affascinante per i visitatori.<\/p>\n<p>[\/et_pb_text][\/et_pb_column][et_pb_column type=&#8221;1_2&#8243; _builder_version=&#8221;4.25.1&#8243; _module_preset=&#8221;default&#8221; global_colors_info=&#8221;{}&#8221;][et_pb_image src=&#8221;https:\/\/visitricase.com\/wp-content\/uploads\/2024\/10\/Cripta-del-Confalone5.webp&#8221; title_text=&#8221;Cripta del Confalone5&#8243; _builder_version=&#8221;4.27.2&#8243; _module_preset=&#8221;default&#8221; global_colors_info=&#8221;{}&#8221;][\/et_pb_image][\/et_pb_column][\/et_pb_row][et_pb_row _builder_version=&#8221;4.27.2&#8243; _module_preset=&#8221;default&#8221; global_colors_info=&#8221;{}&#8221;][et_pb_column type=&#8221;4_4&#8243; _builder_version=&#8221;4.27.2&#8243; _module_preset=&#8221;default&#8221; global_colors_info=&#8221;{}&#8221;][et_pb_text _builder_version=&#8221;4.27.2&#8243; _module_preset=&#8221;default&#8221; text_font=&#8221;Roboto||||||||&#8221; text_font_size=&#8221;17px&#8221; global_colors_info=&#8221;{}&#8221;]<\/p>\n<h3>Il fascino oggi<\/h3>\n<p>Oggi, la Cripta del Confalone \u00e8 una tappa obbligatoria per chi ama la storia e l&#8217;arte rupestre del Salento. Entrare in questo spazio intimo e silenzioso \u00e8 come fare un viaggio nel tempo, un luogo che continua a ispirare un senso di pace e meraviglia.<\/p>\n<p>[\/et_pb_text][\/et_pb_column][\/et_pb_row][et_pb_row column_structure=&#8221;1_2,1_2&#8243; _builder_version=&#8221;4.27.2&#8243; _module_preset=&#8221;default&#8221; global_colors_info=&#8221;{}&#8221;][et_pb_column type=&#8221;1_2&#8243; _builder_version=&#8221;4.27.2&#8243; _module_preset=&#8221;default&#8221; global_colors_info=&#8221;{}&#8221;][et_pb_image src=&#8221;https:\/\/visitricase.com\/wp-content\/uploads\/2024\/10\/Cripta-del-Confalone4.webp&#8221; title_text=&#8221;Cripta del Confalone4&#8243; _builder_version=&#8221;4.27.2&#8243; _module_preset=&#8221;default&#8221; global_colors_info=&#8221;{}&#8221;][\/et_pb_image][\/et_pb_column][et_pb_column type=&#8221;1_2&#8243; _builder_version=&#8221;4.27.2&#8243; _module_preset=&#8221;default&#8221; global_colors_info=&#8221;{}&#8221;][et_pb_image src=&#8221;https:\/\/visitricase.com\/wp-content\/uploads\/2024\/10\/Cripta-del-Confalone6.webp&#8221; title_text=&#8221;Cripta del Confalone6&#8243; _builder_version=&#8221;4.27.2&#8243; _module_preset=&#8221;default&#8221; global_colors_info=&#8221;{}&#8221;][\/et_pb_image][\/et_pb_column][\/et_pb_row][et_pb_row _builder_version=&#8221;4.25.1&#8243; _module_preset=&#8221;default&#8221; global_colors_info=&#8221;{}&#8221;][et_pb_column type=&#8221;4_4&#8243; _builder_version=&#8221;4.25.1&#8243; _module_preset=&#8221;default&#8221; global_colors_info=&#8221;{}&#8221;][et_pb_button button_url=&#8221;https:\/\/visitricase.com\/index.php\/chiese\/&#8221; button_text=&#8221;INDIETRO&#8221; _builder_version=&#8221;4.25.1&#8243; _module_preset=&#8221;default&#8221; custom_button=&#8221;on&#8221; button_text_size=&#8221;17px&#8221; button_text_color=&#8221;#000000&#8243; button_border_width=&#8221;1px&#8221; button_font=&#8221;Roboto||||||||&#8221; button_icon=&#8221;&#xe03b;||divi||400&#8243; custom_margin=&#8221;||11px|||&#8221; global_colors_info=&#8221;{}&#8221;][\/et_pb_button][et_pb_text _builder_version=&#8221;4.27.2&#8243; _module_preset=&#8221;default&#8221; text_text_color=&#8221;#000000&#8243; text_font_size=&#8221;22px&#8221; text_letter_spacing=&#8221;1px&#8221; global_colors_info=&#8221;{}&#8221;]<\/p>\n<p style=\"text-align: center;\"><span class=\"w8qArf FoJoyf\"><span><\/span><\/span><\/p>\n<p style=\"text-align: center;\"><span class=\"w8qArf FoJoyf\"><span>\u00a0<\/span><\/span>STRADA PROVINCIALE 184 &#8211; TRICASE (LE)\u00a0<\/p>\n<p style=\"text-align: center;\">Tel. 0833 545752<\/p>\n<p>[\/et_pb_text][\/et_pb_column][\/et_pb_row][et_pb_row _builder_version=&#8221;4.27.2&#8243; _module_preset=&#8221;default&#8221; custom_padding=&#8221;15px|||||&#8221; global_colors_info=&#8221;{}&#8221;][et_pb_column type=&#8221;4_4&#8243; _builder_version=&#8221;4.27.2&#8243; _module_preset=&#8221;default&#8221; global_colors_info=&#8221;{}&#8221;][et_pb_divider color=&#8221;#000000&#8243; _builder_version=&#8221;4.27.2&#8243; _module_preset=&#8221;default&#8221; global_colors_info=&#8221;{}&#8221;][\/et_pb_divider][\/et_pb_column][\/et_pb_row][\/et_pb_section]<\/p>\n","protected":false},"excerpt":{"rendered":"<p>CRIPTA DELLA MADONNA DEL GONFALONE La Cripta del Gonfalone, situata a Tricase, nel cuore del Salento, \u00e8 un piccolo gioiello che racchiude secoli di storia, mistero e fascino.Questo luogo suggestivo \u00e8 una delle tante testimonianze della ricca tradizione rupestre del Salento, dove le comunit\u00e0 cristiane cercavano rifugio e spiritualit\u00e0.Costruita tra il IX e il X [&hellip;]<\/p>\n","protected":false},"author":1,"featured_media":0,"parent":0,"menu_order":0,"comment_status":"closed","ping_status":"closed","template":"","meta":{"_seopress_robots_primary_cat":"","_seopress_titles_title":"","_seopress_titles_desc":"","_seopress_robots_index":"","_seopress_analysis_target_kw":"","_et_pb_use_builder":"on","_et_pb_old_content":"","_et_gb_content_width":"","footnotes":""},"class_list":["post-1309","page","type-page","status-publish","hentry"],"_links":{"self":[{"href":"https:\/\/visitricase.com\/index.php\/wp-json\/wp\/v2\/pages\/1309","targetHints":{"allow":["GET"]}}],"collection":[{"href":"https:\/\/visitricase.com\/index.php\/wp-json\/wp\/v2\/pages"}],"about":[{"href":"https:\/\/visitricase.com\/index.php\/wp-json\/wp\/v2\/types\/page"}],"author":[{"embeddable":true,"href":"https:\/\/visitricase.com\/index.php\/wp-json\/wp\/v2\/users\/1"}],"replies":[{"embeddable":true,"href":"https:\/\/visitricase.com\/index.php\/wp-json\/wp\/v2\/comments?post=1309"}],"version-history":[{"count":1,"href":"https:\/\/visitricase.com\/index.php\/wp-json\/wp\/v2\/pages\/1309\/revisions"}],"predecessor-version":[{"id":1452,"href":"https:\/\/visitricase.com\/index.php\/wp-json\/wp\/v2\/pages\/1309\/revisions\/1452"}],"wp:attachment":[{"href":"https:\/\/visitricase.com\/index.php\/wp-json\/wp\/v2\/media?parent=1309"}],"curies":[{"name":"wp","href":"https:\/\/api.w.org\/{rel}","templated":true}]}}