{"id":1058,"date":"2024-10-07T17:36:06","date_gmt":"2024-10-07T15:36:06","guid":{"rendered":"https:\/\/visitricase.com\/?page_id=1058"},"modified":"2024-10-07T17:36:07","modified_gmt":"2024-10-07T15:36:07","slug":"parrocchia-madonna-delle-grazie","status":"publish","type":"page","link":"https:\/\/visitricase.com\/index.php\/parrocchia-madonna-delle-grazie\/","title":{"rendered":"Parrocchia Madonna delle Grazie"},"content":{"rendered":"<p>[et_pb_section fb_built=&#8221;1&#8243; _builder_version=&#8221;4.27.2&#8243; _module_preset=&#8221;default&#8221; background_enable_image=&#8221;off&#8221; custom_padding=&#8221;2px|||||&#8221; hover_enabled=&#8221;0&#8243; global_colors_info=&#8221;{}&#8221; theme_builder_area=&#8221;post_content&#8221; sticky_enabled=&#8221;0&#8243;][et_pb_row use_custom_gutter=&#8221;on&#8221; gutter_width=&#8221;1&#8243; make_equal=&#8221;on&#8221; admin_label=&#8221;Gallery&#8221; module_class=&#8221; et_pb_row_fullwidth&#8221; _builder_version=&#8221;4.27.2&#8243; background_image=&#8221;https:\/\/visitricase.com\/wp-content\/uploads\/2024\/10\/Parrocchia-S.-Maria-delle-Grazie-Tutino2.webp&#8221; width=&#8221;100%&#8221; width_tablet=&#8221;100%&#8221; width_phone=&#8221;100%&#8221; width_last_edited=&#8221;on|desktop&#8221; max_width=&#8221;100%&#8221; max_width_tablet=&#8221;100%&#8221; max_width_phone=&#8221;100%&#8221; max_width_last_edited=&#8221;on|desktop&#8221; custom_margin=&#8221;|auto|62px|auto||&#8221; custom_padding=&#8221;3px||555px|||&#8221; hover_enabled=&#8221;0&#8243; make_fullwidth=&#8221;on&#8221; locked=&#8221;off&#8221; global_colors_info=&#8221;{}&#8221; theme_builder_area=&#8221;post_content&#8221; title_text=&#8221;Parrocchia S. Maria delle Grazie Tutino2&#8243; sticky_enabled=&#8221;0&#8243;][et_pb_column type=&#8221;4_4&#8243; _builder_version=&#8221;4.16&#8243; custom_padding=&#8221;|||&#8221; global_colors_info=&#8221;{}&#8221; custom_padding__hover=&#8221;|||&#8221; theme_builder_area=&#8221;post_content&#8221;][\/et_pb_column][\/et_pb_row][et_pb_row _builder_version=&#8221;4.25.1&#8243; _module_preset=&#8221;default&#8221; custom_padding=&#8221;||95px|||&#8221; global_colors_info=&#8221;{}&#8221; theme_builder_area=&#8221;post_content&#8221;][et_pb_column type=&#8221;4_4&#8243; _builder_version=&#8221;4.25.1&#8243; _module_preset=&#8221;default&#8221; global_colors_info=&#8221;{}&#8221; theme_builder_area=&#8221;post_content&#8221;][et_pb_text _builder_version=&#8221;4.27.2&#8243; _module_preset=&#8221;default&#8221; text_font=&#8221;Oswald|700|||||||&#8221; text_font_size=&#8221;60px&#8221; hover_enabled=&#8221;0&#8243; global_colors_info=&#8221;{}&#8221; theme_builder_area=&#8221;post_content&#8221; sticky_enabled=&#8221;0&#8243;]<\/p>\n<p>PARROCCHIA MADONNA DELLE GRAZIE<\/p>\n<div class=\"et-pb-draggable-spacing et-pb-draggable-spacing__spacing et-pb-draggable-spacing__left et-pb-draggable-spacing__margin et-pb-draggable-spacing__inner et-pb-draggable-spacing--draggable-edge et-pb-draggable-spacing--animated\"><\/div>\n<p>[\/et_pb_text][\/et_pb_column][\/et_pb_row][et_pb_row column_structure=&#8221;1_2,1_2&#8243; _builder_version=&#8221;4.27.2&#8243; _module_preset=&#8221;default&#8221; custom_padding=&#8221;||24px|||&#8221; global_colors_info=&#8221;{}&#8221; theme_builder_area=&#8221;post_content&#8221;][et_pb_column type=&#8221;1_2&#8243; _builder_version=&#8221;4.25.1&#8243; _module_preset=&#8221;default&#8221; global_colors_info=&#8221;{}&#8221; theme_builder_area=&#8221;post_content&#8221;][et_pb_text _builder_version=&#8221;4.27.2&#8243; _module_preset=&#8221;default&#8221; text_font=&#8221;Roboto||||||||&#8221; text_text_color=&#8221;#000000&#8243; text_font_size=&#8221;24px&#8221; text_letter_spacing=&#8221;1px&#8221; text_line_height=&#8221;1.5em&#8221; hover_enabled=&#8221;0&#8243; global_colors_info=&#8221;{}&#8221; theme_builder_area=&#8221;post_content&#8221; sticky_enabled=&#8221;0&#8243;]<\/p>\n<p style=\"text-align: justify;\">La <strong>Parrocchia Madonna delle Grazie <\/strong>\u00e8 un luogo di culto situato nel quartiere di <strong>Tutino<\/strong>, a <strong>Tricase<\/strong>, nel cuore del <strong>Salento<\/strong>. La sua storia \u00e8 strettamente legata alla comunit\u00e0 locale e al culto mariano, molto diffuso in tutta la Puglia.<\/p>\n<p>[\/et_pb_text][et_pb_text _builder_version=&#8221;4.27.2&#8243; _module_preset=&#8221;default&#8221; text_font=&#8221;Roboto||||||||&#8221; text_font_size=&#8221;17px&#8221; text_line_height=&#8221;1.5em&#8221; hover_enabled=&#8221;0&#8243; global_colors_info=&#8221;{}&#8221; theme_builder_area=&#8221;post_content&#8221; sticky_enabled=&#8221;0&#8243;]<\/p>\n<p style=\"text-align: justify;\">La chiesa dedicata alla Madonna delle Grazie risale a un&#8217;epoca compresa tra il XVIII e il XIX secolo. Il quartiere di Tutino, essendo uno dei rioni pi\u00f9 antichi di Tricase, possiede una ricca tradizione religiosa, e la costruzione della parrocchia \u00e8 stata un punto di riferimento spirituale per la popolazione locale.<\/p>\n<p style=\"text-align: justify;\">Nel corso dei secoli, la chiesa ha subito vari interventi di restauro e ampliamento, mantenendo per\u00f2 intatta la sua struttura principale e lo stile architettonico che mescola elementi barocchi e neoclassici. L\u2019interno \u00e8 sobrio, ma arricchito da altari e statue che rappresentano diverse figure del culto cattolico, con una particolare enfasi sulla Madonna delle Grazie, a cui la chiesa \u00e8 dedicata.<\/p>\n<p>[\/et_pb_text][et_pb_image src=&#8221;https:\/\/visitricase.com\/wp-content\/uploads\/2024\/10\/Parrocchia-S.-Maria-delle-Grazie-Tutino5.webp&#8221; title_text=&#8221;Parrocchia S. Maria delle Grazie Tutino5&#8243; _builder_version=&#8221;4.27.2&#8243; _module_preset=&#8221;default&#8221; hover_enabled=&#8221;0&#8243; global_colors_info=&#8221;{}&#8221; theme_builder_area=&#8221;post_content&#8221; sticky_enabled=&#8221;0&#8243;][\/et_pb_image][\/et_pb_column][et_pb_column type=&#8221;1_2&#8243; _builder_version=&#8221;4.25.1&#8243; _module_preset=&#8221;default&#8221; global_colors_info=&#8221;{}&#8221; theme_builder_area=&#8221;post_content&#8221;][et_pb_image src=&#8221;https:\/\/visitricase.com\/wp-content\/uploads\/2024\/10\/Parrocchia-S.-Maria-delle-Grazie-Tutino3.webp&#8221; title_text=&#8221;Parrocchia S. Maria delle Grazie Tutino3&#8243; _builder_version=&#8221;4.27.2&#8243; _module_preset=&#8221;default&#8221; hover_enabled=&#8221;0&#8243; global_colors_info=&#8221;{}&#8221; theme_builder_area=&#8221;post_content&#8221; sticky_enabled=&#8221;0&#8243;][\/et_pb_image][\/et_pb_column][\/et_pb_row][et_pb_row column_structure=&#8221;1_2,1_2&#8243; _builder_version=&#8221;4.25.1&#8243; _module_preset=&#8221;default&#8221; custom_padding=&#8221;9px||7px|||&#8221; global_colors_info=&#8221;{}&#8221; theme_builder_area=&#8221;post_content&#8221;][et_pb_column type=&#8221;1_2&#8243; _builder_version=&#8221;4.25.1&#8243; _module_preset=&#8221;default&#8221; global_colors_info=&#8221;{}&#8221; theme_builder_area=&#8221;post_content&#8221;][et_pb_text _builder_version=&#8221;4.27.2&#8243; _module_preset=&#8221;default&#8221; text_font=&#8221;Roboto||||||||&#8221; text_font_size=&#8221;17px&#8221; header_3_font=&#8221;Roboto||||||||&#8221; hover_enabled=&#8221;0&#8243; global_colors_info=&#8221;{}&#8221; theme_builder_area=&#8221;post_content&#8221; sticky_enabled=&#8221;0&#8243;]<\/p>\n<h3 style=\"text-align: justify;\"><strong>Curiosit\u00e0<\/strong><\/h3>\n<ul>\n<li style=\"text-align: justify;\"><strong>L\u2019icona della Madonna delle Grazie<\/strong>: La chiesa custodisce una pregevole icona della Madonna, alla quale la comunit\u00e0 locale attribuisce numerosi miracoli e grazie ricevute nel corso dei secoli. Ogni anno, in occasione della festivit\u00e0 della Madonna delle Grazie (8 settembre), la chiesa diventa il fulcro di celebrazioni religiose e di una grande processione che coinvolge l&#8217;intera citt\u00e0 di Tricase e i paesi circostanti.<\/li>\n<li style=\"text-align: justify;\"><strong>La cripta sottostante<\/strong>: Si dice che sotto la chiesa si trovi una cripta utilizzata in passato come luogo di sepoltura o di rifugio durante i periodi di guerra. Questa cripta non \u00e8 sempre accessibile al pubblico, ma rappresenta un elemento di grande fascino per gli appassionati di storia locale.<\/li>\n<\/ul>\n<h3><strong>Leggende legate alla Parrocchia<\/strong><\/h3>\n<p style=\"text-align: justify;\">Una delle leggende pi\u00f9 affascinanti riguarda la <strong>costruzione della chiesa<\/strong> stessa. Si racconta che il luogo dove oggi sorge la parrocchia fosse considerato sacro gi\u00e0 in epoche precedenti, e che proprio l\u00ec vi fosse stato un miracolo: un\u2019apparizione della Madonna ad alcuni pastori della zona. Questi pastori avrebbero visto una figura luminosa che indicava loro di costruire una cappella in quel punto, dedicata alla Madonna delle Grazie. Il popolo, colpito dal prodigio, decise di esaudire il desiderio mariano, costruendo la prima chiesa, che nel tempo venne ampliata fino a diventare l\u2019attuale parrocchia.<\/p>\n<p>[\/et_pb_text][\/et_pb_column][et_pb_column type=&#8221;1_2&#8243; _builder_version=&#8221;4.25.1&#8243; _module_preset=&#8221;default&#8221; global_colors_info=&#8221;{}&#8221; theme_builder_area=&#8221;post_content&#8221;][et_pb_text _builder_version=&#8221;4.27.2&#8243; _module_preset=&#8221;default&#8221; text_font=&#8221;Roboto||||||||&#8221; text_font_size=&#8221;17px&#8221; hover_enabled=&#8221;0&#8243; global_colors_info=&#8221;{}&#8221; theme_builder_area=&#8221;post_content&#8221; sticky_enabled=&#8221;0&#8243;]<\/p>\n<p style=\"text-align: justify;\">Inoltre, si narra che la <strong>statua della Madonna<\/strong> presente all\u2019interno della chiesa avrebbe salvato il paese da una terribile pestilenza nel XVII secolo. Durante una processione fatta per invocare la fine dell\u2019epidemia, la statua avrebbe improvvisamente trasudato lacrime, evento che fu interpretato come segno della grazia concessa dalla Vergine. Da quel momento, la devozione popolare si rafforz\u00f2, e la Madonna delle Grazie divenne la protettrice del quartiere di Tutino.<\/p>\n<p style=\"text-align: justify;\">Questa parrocchia, dunque, \u00e8 un punto di riferimento non solo per i fedeli ma anche per chi \u00e8 interessato alla storia e alle tradizioni della zona.<\/p>\n<p>[\/et_pb_text][et_pb_image src=&#8221;https:\/\/visitricase.com\/wp-content\/uploads\/2024\/10\/Parrocchia-S.-Maria-delle-Grazie-Tutino6.webp&#8221; _builder_version=&#8221;4.27.2&#8243; _module_preset=&#8221;default&#8221; theme_builder_area=&#8221;post_content&#8221; hover_enabled=&#8221;0&#8243; sticky_enabled=&#8221;0&#8243; title_text=&#8221;Parrocchia S. Maria delle Grazie Tutino6&#8243;][\/et_pb_image][\/et_pb_column][\/et_pb_row][et_pb_row _builder_version=&#8221;4.25.1&#8243; _module_preset=&#8221;default&#8221; global_colors_info=&#8221;{}&#8221; theme_builder_area=&#8221;post_content&#8221;][et_pb_column type=&#8221;4_4&#8243; _builder_version=&#8221;4.25.1&#8243; _module_preset=&#8221;default&#8221; global_colors_info=&#8221;{}&#8221; theme_builder_area=&#8221;post_content&#8221;][et_pb_button button_url=&#8221;https:\/\/visitricase.com\/index.php\/chiese\/&#8221; button_text=&#8221;INDIETRO&#8221; _builder_version=&#8221;4.25.1&#8243; _module_preset=&#8221;default&#8221; custom_button=&#8221;on&#8221; button_text_size=&#8221;17px&#8221; button_text_color=&#8221;#000000&#8243; button_border_width=&#8221;1px&#8221; button_font=&#8221;Roboto||||||||&#8221; button_icon=&#8221;&#xe03b;||divi||400&#8243; custom_margin=&#8221;||11px|||&#8221; global_colors_info=&#8221;{}&#8221; theme_builder_area=&#8221;post_content&#8221;][\/et_pb_button][et_pb_text _builder_version=&#8221;4.27.2&#8243; _module_preset=&#8221;default&#8221; text_text_color=&#8221;#000000&#8243; text_font_size=&#8221;22px&#8221; text_letter_spacing=&#8221;1px&#8221; hover_enabled=&#8221;0&#8243; global_colors_info=&#8221;{}&#8221; theme_builder_area=&#8221;post_content&#8221; sticky_enabled=&#8221;0&#8243;]<\/p>\n<p style=\"text-align: center;\"><span class=\"w8qArf FoJoyf\"><span>\u00a0<\/span><\/span><\/p>\n<div class=\"M2Cv8e hP3ybd\">\n<div class=\"gqkR3b hP3ybd\" style=\"text-align: center;\"><span>PIAZZA MADONNA DELLE GRAZIE &#8211; 73039 &#8211; TUTINO (LE)<\/span><\/div>\n<\/div>\n<p>[\/et_pb_text][\/et_pb_column][\/et_pb_row][et_pb_row _builder_version=&#8221;4.27.2&#8243; _module_preset=&#8221;default&#8221; custom_padding=&#8221;15px|||||&#8221; global_colors_info=&#8221;{}&#8221; theme_builder_area=&#8221;post_content&#8221;][et_pb_column type=&#8221;4_4&#8243; _builder_version=&#8221;4.27.2&#8243; _module_preset=&#8221;default&#8221; global_colors_info=&#8221;{}&#8221; theme_builder_area=&#8221;post_content&#8221;][et_pb_divider color=&#8221;#000000&#8243; _builder_version=&#8221;4.27.2&#8243; _module_preset=&#8221;default&#8221; global_colors_info=&#8221;{}&#8221; theme_builder_area=&#8221;post_content&#8221;][\/et_pb_divider][\/et_pb_column][\/et_pb_row][\/et_pb_section]<\/p>\n","protected":false},"excerpt":{"rendered":"<p>PARROCCHIA MADONNA DELLE GRAZIE La Parrocchia Madonna delle Grazie \u00e8 un luogo di culto situato nel quartiere di Tutino, a Tricase, nel cuore del Salento. La sua storia \u00e8 strettamente legata alla comunit\u00e0 locale e al culto mariano, molto diffuso in tutta la Puglia.La chiesa dedicata alla Madonna delle Grazie risale a un&#8217;epoca compresa tra [&hellip;]<\/p>\n","protected":false},"author":1,"featured_media":0,"parent":0,"menu_order":0,"comment_status":"closed","ping_status":"closed","template":"","meta":{"_seopress_robots_primary_cat":"","_seopress_titles_title":"","_seopress_titles_desc":"","_seopress_robots_index":"","_seopress_analysis_target_kw":"","_et_pb_use_builder":"on","_et_pb_old_content":"","_et_gb_content_width":"","footnotes":""},"class_list":["post-1058","page","type-page","status-publish","hentry"],"_links":{"self":[{"href":"https:\/\/visitricase.com\/index.php\/wp-json\/wp\/v2\/pages\/1058","targetHints":{"allow":["GET"]}}],"collection":[{"href":"https:\/\/visitricase.com\/index.php\/wp-json\/wp\/v2\/pages"}],"about":[{"href":"https:\/\/visitricase.com\/index.php\/wp-json\/wp\/v2\/types\/page"}],"author":[{"embeddable":true,"href":"https:\/\/visitricase.com\/index.php\/wp-json\/wp\/v2\/users\/1"}],"replies":[{"embeddable":true,"href":"https:\/\/visitricase.com\/index.php\/wp-json\/wp\/v2\/comments?post=1058"}],"version-history":[{"count":0,"href":"https:\/\/visitricase.com\/index.php\/wp-json\/wp\/v2\/pages\/1058\/revisions"}],"wp:attachment":[{"href":"https:\/\/visitricase.com\/index.php\/wp-json\/wp\/v2\/media?parent=1058"}],"curies":[{"name":"wp","href":"https:\/\/api.w.org\/{rel}","templated":true}]}}